{"id":18847,"date":"2024-09-26T06:29:35","date_gmt":"2024-09-26T06:29:35","guid":{"rendered":"https:\/\/whalemiches.com\/?post_type=product&#038;p=18847"},"modified":"2024-09-29T15:15:06","modified_gmt":"2024-09-29T15:15:06","slug":"punta-cana-montana-redonda-y-costa-esmeralda-2","status":"publish","type":"product","link":"https:\/\/whalemiches.com\/sv\/TOUR\/punta-cana-montana-redonda-och-costa-esmeralda-2\/","title":{"rendered":"Punta Cana: Monta\u00f1a Redonda och Costa Esmeralda"},"content":{"rendered":"<p>Pasaremos a recogeros por vuestro hotel de Punta Cana entre las 7:00 y 8:00 horas. Una vez a bordo del minib\u00fas, emprenderemos una excursi\u00f3n hacia Monta\u00f1a Redonda, uno de los lugares m\u00e1s bonitos de todo el pa\u00eds caribe\u00f1o.<\/p>\n<p>Tras una hora por carretera, llegaremos a los pies de Monta\u00f1a Redonda, en Miches, donde montaremos en un potente veh\u00edculo 4\u00d74 para ascender hasta la cima. Una vez arriba del todo, disfrutaremos de un lugar inolvidable y de unas vistas \u00fanicas. \u00bfOs atraver\u00e9is a subiros a un columpio a m\u00e1s de 300 metros de altura? \u00a1Ser\u00e1 divertid\u00edsimo!<\/p>\n<p>Adem\u00e1s, contaremos con las mejores panor\u00e1micas de la bah\u00eda de Saman\u00e1, la laguna Redonda o Seibo. Tambi\u00e9n veremos c\u00f3mo el reflejo del agua se combina con el amanecer en la playa. \u00a1Os encantar\u00e1! Y despu\u00e9s, probaremos un delicioso almuerzo t\u00edpico dominicano acompa\u00f1ado de frutas tropicales.<\/p>\n<p>Tras esto, emprenderemos el viaje de vuelta para estar en vuestro hotel a las 12:00 horas.<\/p>","protected":false},"excerpt":{"rendered":"<div data-track=\"overview\" data-v-83a2b402=\"\">\n<section id=\"activity-overview\" class=\"activity-overview\" data-component=\"overview\" data-v-83a2b402=\"\" data-v-f3236c42=\"\">\n<p class=\"activity-overview__content\" data-test-id=\"activity-overview-content\" data-v-f3236c42=\"\">Discover the Beauty of the Dominican Republic on an Excursion to Monta\u00f1a Redonda.<\/p>\n<\/section>\n<\/div>\n<div data-track=\"key-details\" data-v-83a2b402=\"\"><\/div>","protected":false},"featured_media":18849,"template":"","meta":[],"product_cat":[100],"product_tag":[102,101],"class_list":{"0":"post-18847","1":"product","2":"type-product","3":"status-publish","4":"has-post-thumbnail","6":"product_cat-dominican-republic","7":"product_tag-excursion","8":"product_tag-tour","10":"first","11":"instock","12":"shipping-taxable","13":"product-type-external"},"_links":{"self":[{"href":"https:\/\/whalemiches.com\/sv\/wp-json\/wp\/v2\/product\/18847","targetHints":{"allow":["GET"]}}],"collection":[{"href":"https:\/\/whalemiches.com\/sv\/wp-json\/wp\/v2\/product"}],"about":[{"href":"https:\/\/whalemiches.com\/sv\/wp-json\/wp\/v2\/types\/product"}],"wp:featuredmedia":[{"embeddable":true,"href":"https:\/\/whalemiches.com\/sv\/wp-json\/wp\/v2\/media\/18849"}],"wp:attachment":[{"href":"https:\/\/whalemiches.com\/sv\/wp-json\/wp\/v2\/media?parent=18847"}],"wp:term":[{"taxonomy":"product_cat","embeddable":true,"href":"https:\/\/whalemiches.com\/sv\/wp-json\/wp\/v2\/product_cat?post=18847"},{"taxonomy":"product_tag","embeddable":true,"href":"https:\/\/whalemiches.com\/sv\/wp-json\/wp\/v2\/product_tag?post=18847"}],"curies":[{"name":"wp","href":"https:\/\/api.w.org\/{rel}","templated":true}]}}