{"id":12990,"date":"2024-09-16T16:36:50","date_gmt":"2024-09-16T16:36:50","guid":{"rendered":"https:\/\/whalemiches.com\/?post_type=product&#038;p=12990"},"modified":"2024-09-16T16:38:06","modified_gmt":"2024-09-16T16:38:06","slug":"private-transfer-from-sdq-to-catalonia-royal-bavaro","status":"publish","type":"product","link":"https:\/\/whalemiches.com\/sv\/TOUR\/private-transfer-from-sdq-to-catalonia-royal-bavaro\/","title":{"rendered":"Private Transfer from SDQ to Catalonia Royal Bavaro"},"content":{"rendered":"<div class=\"toggle-content__content toggle-content__content--expanded toggle-content__content--packable\" data-v-59485d64=\"\">\n<div data-test-id=\"activity-full-description-text\" data-v-5835c99c=\"\">Punta Cana Transfer is a leader in providing private transportation all over Punta Cana. A As a company, we have over 4 years of experience and over 1000 5-star reviews on TripAdvisor. Enjoy the ease that comes with being attended by your own customer service representative before, during, and after your trip. No tickets, waiting for emails, or long queues, all communication is immediate and over SMS. Your driver will be waiting with a sign upon your arrival and will take you straight to your resort with no unwanted stops or surprises. Book your ride and go straight from the Santo Domingo Airport to Catalonia Royal Bavaro or from Catalonia Royal Bavaro to the Santo Domingo Airport to catch your flight.<\/div>\n<\/div>\n<div class=\"toggle-content__label-placeholder\" data-v-59485d64=\"\"><\/div>","protected":false},"excerpt":{"rendered":"<div data-track=\"overview\" data-v-83a2b402=\"\">\n<section id=\"activity-overview\" class=\"activity-overview\" data-component=\"overview\" data-v-83a2b402=\"\" data-v-f3236c42=\"\">\n<p class=\"activity-overview__content\" data-test-id=\"activity-overview-content\" data-v-f3236c42=\"\">Skippa v\u00e4ntetiden och \u00e5k direkt till paradiset! S\u00e5 snart du anl\u00e4nder st\u00e5r din chauff\u00f6r vid terminalens utg\u00e5ng med en skylt med ditt namn och \u00e4r redo att k\u00f6ra dig direkt till din resort.<\/p>\n<\/section>\n<\/div>\n<div data-track=\"key-details\" data-v-83a2b402=\"\"><\/div>","protected":false},"featured_media":13065,"template":"","meta":[],"product_cat":[100],"product_tag":[102,101],"class_list":{"0":"post-12990","1":"product","2":"type-product","3":"status-publish","4":"has-post-thumbnail","6":"product_cat-dominican-republic","7":"product_tag-excursion","8":"product_tag-tour","10":"first","11":"instock","12":"sale","13":"shipping-taxable","14":"product-type-external"},"_links":{"self":[{"href":"https:\/\/whalemiches.com\/sv\/wp-json\/wp\/v2\/product\/12990","targetHints":{"allow":["GET"]}}],"collection":[{"href":"https:\/\/whalemiches.com\/sv\/wp-json\/wp\/v2\/product"}],"about":[{"href":"https:\/\/whalemiches.com\/sv\/wp-json\/wp\/v2\/types\/product"}],"wp:featuredmedia":[{"embeddable":true,"href":"https:\/\/whalemiches.com\/sv\/wp-json\/wp\/v2\/media\/13065"}],"wp:attachment":[{"href":"https:\/\/whalemiches.com\/sv\/wp-json\/wp\/v2\/media?parent=12990"}],"wp:term":[{"taxonomy":"product_cat","embeddable":true,"href":"https:\/\/whalemiches.com\/sv\/wp-json\/wp\/v2\/product_cat?post=12990"},{"taxonomy":"product_tag","embeddable":true,"href":"https:\/\/whalemiches.com\/sv\/wp-json\/wp\/v2\/product_tag?post=12990"}],"curies":[{"name":"wp","href":"https:\/\/api.w.org\/{rel}","templated":true}]}}