{"id":10994,"date":"2024-09-11T21:57:24","date_gmt":"2024-09-11T21:57:24","guid":{"rendered":"https:\/\/whalemiches.com\/?post_type=product&#038;p=10994"},"modified":"2024-09-28T22:41:38","modified_gmt":"2024-09-28T22:41:38","slug":"puerto-plata-day-trip-to-cayo-arena-island-by-speedboat","status":"publish","type":"product","link":"https:\/\/whalemiches.com\/sv\/TOUR\/puerto-plata-day-trip-to-cayo-arena-island-by-speedboat\/","title":{"rendered":"Puerto Plata: Dagsutflykt till \u00f6n Cayo Arena med motorb\u00e5t"},"content":{"rendered":"<p>MYou will get on a speedboat that will take you to Isla Bonita-Cayo Arena, a journey full of adrenaline, sun, wind and adventure. On the island relax sunbathing in its crystal clear waters or snorkeling in its coral reefs with brightly colored tropical fish. On the way back we will visit the Monte Cristi National Park with its lush green mangroves, an abundance of wildlife and birds, you will learn about the wonders of nature. Once the journey is finished, we will enjoy a delicious typical lunch in Estero Hondo. Where you will have time to shop and bring souvenirs from the Dominican Republic. Itinerary: Monday, Wednesday, Friday<\/p>","protected":false},"excerpt":{"rendered":"<div data-track=\"overview\" data-v-83a2b402=\"\">\n<section id=\"activity-overview\" class=\"activity-overview\" data-component=\"overview\" data-v-83a2b402=\"\" data-v-f3236c42=\"\">\n<p class=\"activity-overview__content\" data-test-id=\"activity-overview-content\" data-v-f3236c42=\"\">Uppt\u00e4ck det turkosa vattnet och de levande korallreven p\u00e5 \u00f6n Cayo Arena p\u00e5 denna dagsutflykt fr\u00e5n Puerto Plata. Res med motorb\u00e5t till \u00f6n och utforska Monte Cristi nationalpark p\u00e5 v\u00e4gen till lunch.<\/p>\n<\/section>\n<\/div>\n<div data-track=\"key-details\" data-v-83a2b402=\"\"><\/div>","protected":false},"featured_media":10995,"template":"","meta":[],"product_cat":[100],"product_tag":[102,101],"class_list":{"0":"post-10994","1":"product","2":"type-product","3":"status-publish","4":"has-post-thumbnail","6":"product_cat-dominican-republic","7":"product_tag-excursion","8":"product_tag-tour","10":"first","11":"instock","12":"shipping-taxable","13":"product-type-external"},"_links":{"self":[{"href":"https:\/\/whalemiches.com\/sv\/wp-json\/wp\/v2\/product\/10994","targetHints":{"allow":["GET"]}}],"collection":[{"href":"https:\/\/whalemiches.com\/sv\/wp-json\/wp\/v2\/product"}],"about":[{"href":"https:\/\/whalemiches.com\/sv\/wp-json\/wp\/v2\/types\/product"}],"wp:featuredmedia":[{"embeddable":true,"href":"https:\/\/whalemiches.com\/sv\/wp-json\/wp\/v2\/media\/10995"}],"wp:attachment":[{"href":"https:\/\/whalemiches.com\/sv\/wp-json\/wp\/v2\/media?parent=10994"}],"wp:term":[{"taxonomy":"product_cat","embeddable":true,"href":"https:\/\/whalemiches.com\/sv\/wp-json\/wp\/v2\/product_cat?post=10994"},{"taxonomy":"product_tag","embeddable":true,"href":"https:\/\/whalemiches.com\/sv\/wp-json\/wp\/v2\/product_tag?post=10994"}],"curies":[{"name":"wp","href":"https:\/\/api.w.org\/{rel}","templated":true}]}}