{"id":17170,"date":"2024-09-23T12:32:33","date_gmt":"2024-09-23T12:32:33","guid":{"rendered":"https:\/\/whalemiches.com\/?post_type=product&#038;p=17170"},"modified":"2024-09-23T12:33:32","modified_gmt":"2024-09-23T12:33:32","slug":"cayo-arena-paradise-island-magroves-tour-private","status":"publish","type":"product","link":"https:\/\/whalemiches.com\/pt\/TOUR\/cayo-arena-paradise-island-magroves-tour-privado\/","title":{"rendered":"Cayo Arena: Ilha Para\u00edso e Magroves Tour Privado"},"content":{"rendered":"<p>Get amazing views of the countryside before you board a speedboat to cross to Cayo Arena.<\/p>\n<p>Be welcomed by the turquoise waters and white sands of the paradise island. Go ashore to sink your toes in the sand and top up your tan. Marvel at the colorful marine life and coral gardens on an optional guided snorkeling tour, and enjoy a selection of fresh fruits and drinks.<\/p>\n<div class=\"toggle-content__content toggle-content__content--expanded toggle-content__content--packable\" data-v-59485d64=\"\">\n<div data-test-id=\"activity-full-description-text\" data-v-5835c99c=\"\">Navigate the thick mangrove forest of Monte Cristi National Park by speedboat, and look for the abundant wildlife in the lagoons and channels. Get a feel for island life at a local market before taking the speedboat back to the mainland.<\/div>\n<\/div>\n<div class=\"toggle-content__label-placeholder\" data-v-59485d64=\"\"><\/div>","protected":false},"excerpt":{"rendered":"<div data-track=\"overview\" data-v-83a2b402=\"\">\n<section id=\"activity-overview\" class=\"activity-overview\" data-component=\"overview\" data-v-83a2b402=\"\" data-v-f3236c42=\"\">\n<p class=\"activity-overview__content\" data-test-id=\"activity-overview-content\" data-v-f3236c42=\"\">Explore a costa norte da Rep\u00fablica Dominicana e relaxe nas areias brancas de Cayo Arena. Nade e pratique mergulho com tubo de respira\u00e7\u00e3o com a colorida vida marinha em \u00e1guas cristalinas, fa\u00e7a um passeio de lancha pelo Monte Cristi<\/p>\n<\/section>\n<\/div>\n<div data-track=\"key-details\" data-v-83a2b402=\"\"><\/div>","protected":false},"featured_media":17171,"template":"","meta":[],"product_cat":[100],"product_tag":[102,101],"class_list":{"0":"post-17170","1":"product","2":"type-product","3":"status-publish","4":"has-post-thumbnail","6":"product_cat-dominican-republic","7":"product_tag-excursion","8":"product_tag-tour","10":"first","11":"instock","12":"shipping-taxable","13":"product-type-external"},"_links":{"self":[{"href":"https:\/\/whalemiches.com\/pt\/wp-json\/wp\/v2\/product\/17170","targetHints":{"allow":["GET"]}}],"collection":[{"href":"https:\/\/whalemiches.com\/pt\/wp-json\/wp\/v2\/product"}],"about":[{"href":"https:\/\/whalemiches.com\/pt\/wp-json\/wp\/v2\/types\/product"}],"wp:featuredmedia":[{"embeddable":true,"href":"https:\/\/whalemiches.com\/pt\/wp-json\/wp\/v2\/media\/17171"}],"wp:attachment":[{"href":"https:\/\/whalemiches.com\/pt\/wp-json\/wp\/v2\/media?parent=17170"}],"wp:term":[{"taxonomy":"product_cat","embeddable":true,"href":"https:\/\/whalemiches.com\/pt\/wp-json\/wp\/v2\/product_cat?post=17170"},{"taxonomy":"product_tag","embeddable":true,"href":"https:\/\/whalemiches.com\/pt\/wp-json\/wp\/v2\/product_tag?post=17170"}],"curies":[{"name":"wp","href":"https:\/\/api.w.org\/{rel}","templated":true}]}}