{"id":16653,"date":"2024-09-22T00:50:34","date_gmt":"2024-09-22T00:50:34","guid":{"rendered":"https:\/\/whalemiches.com\/?post_type=product&#038;p=16653"},"modified":"2024-09-22T00:51:28","modified_gmt":"2024-09-22T00:51:28","slug":"from-puerto-plata-cayo-arena-private-catamaran-trip-lunch","status":"publish","type":"product","link":"https:\/\/whalemiches.com\/pt\/TOUR\/de-puerto-plata-cayo-arena-passeio-de-catamara-privado-almoco\/","title":{"rendered":"De Puerto Plata: Passeio de Catamar\u00e3 Privado e Almo\u00e7o em Cayo Arena"},"content":{"rendered":"<p>Discover Cayo Arena, a paradise of coral reefs and tropical fish. Sail on the Ocean King catamaran on this private trip, spending time at Cayo Arena and Monte Cristi National Park. Indulge in a shrimp skewers lunch at Playa Punta Rucia and visit a cigar factory to learn the tricks of the trade.<\/p>\n<p>Get picked up from your accommodations and enjoy a scenic road trip through the picturesque countryside to Castillo de la Isabela. When you arrive, climb onboard the Ocean King catamaran, decked out with a solarium and water slide.<\/p>\n<p>Tour along the coast of Playa La Ensenada in your catamaran, enjoying Caribbean music and indulging in a few light refreshments. Drop anchor at Cayo Arena and spend around two hours swimming and snorkeling amongst the corals and tropical fish.<\/p>\n<p>Set sail to Monte Cristi National Park, feeling the wind in your hair. Look out for wildlife in the lush mangroves of the national park before stopping at Playa Punta Rucia. Land on the beach and savor the taste of freshly cooked shrimp skewers with a Caribbean lunch.<\/p>\n<div class=\"toggle-content__content toggle-content__content--expanded toggle-content__content--packable\" data-v-59485d64=\"\">\n<div data-test-id=\"activity-full-description-text\" data-v-5835c99c=\"\">\n<p>Return to your hotel and visit an artisanal cigar factory, observing the process of cigar production and having the chance to buy some souvenirs.<\/p>\n<\/div>\n<\/div>\n<div class=\"toggle-content__label-placeholder\" data-v-59485d64=\"\"><\/div>","protected":false},"excerpt":{"rendered":"<div data-track=\"overview\" data-v-83a2b402=\"\">\n<section id=\"activity-overview\" class=\"activity-overview\" data-component=\"overview\" data-v-83a2b402=\"\" data-v-f3236c42=\"\">\n<p class=\"activity-overview__content\" data-test-id=\"activity-overview-content\" data-v-f3236c42=\"\">Experimente Cayo Arena numa viagem privada de um dia com um passeio de catamar\u00e3 no Ocean King. Nade e mergulhe com tubo de respira\u00e7\u00e3o em Cayo Arena, explore o Parque Nacional Monte Cristi.<\/p>\n<\/section>\n<\/div>\n<div data-track=\"key-details\" data-v-83a2b402=\"\"><\/div>","protected":false},"featured_media":16654,"template":"","meta":[],"product_cat":[100],"product_tag":[102,101],"class_list":{"0":"post-16653","1":"product","2":"type-product","3":"status-publish","4":"has-post-thumbnail","6":"product_cat-dominican-republic","7":"product_tag-excursion","8":"product_tag-tour","10":"first","11":"instock","12":"shipping-taxable","13":"product-type-external"},"_links":{"self":[{"href":"https:\/\/whalemiches.com\/pt\/wp-json\/wp\/v2\/product\/16653","targetHints":{"allow":["GET"]}}],"collection":[{"href":"https:\/\/whalemiches.com\/pt\/wp-json\/wp\/v2\/product"}],"about":[{"href":"https:\/\/whalemiches.com\/pt\/wp-json\/wp\/v2\/types\/product"}],"wp:featuredmedia":[{"embeddable":true,"href":"https:\/\/whalemiches.com\/pt\/wp-json\/wp\/v2\/media\/16654"}],"wp:attachment":[{"href":"https:\/\/whalemiches.com\/pt\/wp-json\/wp\/v2\/media?parent=16653"}],"wp:term":[{"taxonomy":"product_cat","embeddable":true,"href":"https:\/\/whalemiches.com\/pt\/wp-json\/wp\/v2\/product_cat?post=16653"},{"taxonomy":"product_tag","embeddable":true,"href":"https:\/\/whalemiches.com\/pt\/wp-json\/wp\/v2\/product_tag?post=16653"}],"curies":[{"name":"wp","href":"https:\/\/api.w.org\/{rel}","templated":true}]}}