{"id":13220,"date":"2024-09-16T20:10:33","date_gmt":"2024-09-16T20:10:33","guid":{"rendered":"https:\/\/whalemiches.com\/?post_type=product&#038;p=13220"},"modified":"2024-09-16T20:12:16","modified_gmt":"2024-09-16T20:12:16","slug":"samana-platinum","status":"publish","type":"product","link":"https:\/\/whalemiches.com\/pt\/TOUR\/samana-platinum\/","title":{"rendered":"Samana Platinum"},"content":{"rendered":"<p>With Platinum Transfer Punta Cana you can have an incredible experience with the natural beauty and lush landscapes of the Saman\u00e1 Peninsula. On this day trip from Punta Cana that includes a visit to El Lim\u00f3n waterfall and Cayo Levantado, you&#8217;ll travel through the countryside in a comfortable, air-conditioned bus and explore Saman\u00e1 by catamaran, dancing and drinking the whole time. This trip includes horseback riding through the Sierra de Saman\u00e1 mountains, a tasty local lunch at El Malec\u00f3n, and a stop at the white sand beach of Cayo Levantado. This will be a very exciting excursion. Starting your adventure on this excursion with our friendly guide and driver, you will be picked up from your hotel or meeting point in Punta Cana early in the morning and transported in air-conditioned comfort on a one-hour scenic bus ride through the landscapes. epics from the Dominican Republic. Impressive landscape to the town of Miches. Enjoying your day trip to Saman\u00e1 with stops at El Lim\u00f3n waterfall and Cayo Levantado from Punta Cana begins with a catamaran cruise through Saman\u00e1 Bay. You will disembark in Santa B\u00e1rbara de Saman\u00e1 and board a safari truck that will take you through the tropical foliage of Ceyba Park. You&#8217;ll explore the garden, which is home to around 100 exotic plants, and sample local fruits fresh from the trees. You&#8217;ll be relaxed for a light breakfast before heading out on horseback in El Lim\u00f3n. Your guide will give you a brief safety and orientation briefing and you will embark on a 20-minute walk with a local guide. You will enjoy the surrounding landscapes and learn about the flora and fauna that line your path along the way. Of course, you&#8217;ll take a refreshing dip in the El Lim\u00f3n waterfall pool before saying goodbye to your horse.<\/p>","protected":false},"excerpt":{"rendered":"<div data-track=\"overview\" data-v-83a2b402=\"\">\n<section id=\"activity-overview\" class=\"activity-overview\" data-component=\"overview\" data-v-83a2b402=\"\" data-v-f3236c42=\"\">\n<p class=\"activity-overview__content\" data-test-id=\"activity-overview-content\" data-v-f3236c42=\"\">You will surely enjoy walking along the famous \u201cEl Malec\u00f3n\u201d, the boardwalk that winds along the coast of Saman\u00e1.<\/p>\n<\/section>\n<\/div>\n<div data-track=\"key-details\" data-v-83a2b402=\"\"><\/div>","protected":false},"featured_media":13232,"template":"","meta":[],"product_cat":[100],"product_tag":[102,101],"class_list":{"0":"post-13220","1":"product","2":"type-product","3":"status-publish","4":"has-post-thumbnail","6":"product_cat-dominican-republic","7":"product_tag-excursion","8":"product_tag-tour","10":"first","11":"instock","12":"shipping-taxable","13":"product-type-external"},"_links":{"self":[{"href":"https:\/\/whalemiches.com\/pt\/wp-json\/wp\/v2\/product\/13220","targetHints":{"allow":["GET"]}}],"collection":[{"href":"https:\/\/whalemiches.com\/pt\/wp-json\/wp\/v2\/product"}],"about":[{"href":"https:\/\/whalemiches.com\/pt\/wp-json\/wp\/v2\/types\/product"}],"wp:featuredmedia":[{"embeddable":true,"href":"https:\/\/whalemiches.com\/pt\/wp-json\/wp\/v2\/media\/13232"}],"wp:attachment":[{"href":"https:\/\/whalemiches.com\/pt\/wp-json\/wp\/v2\/media?parent=13220"}],"wp:term":[{"taxonomy":"product_cat","embeddable":true,"href":"https:\/\/whalemiches.com\/pt\/wp-json\/wp\/v2\/product_cat?post=13220"},{"taxonomy":"product_tag","embeddable":true,"href":"https:\/\/whalemiches.com\/pt\/wp-json\/wp\/v2\/product_tag?post=13220"}],"curies":[{"name":"wp","href":"https:\/\/api.w.org\/{rel}","templated":true}]}}