{"id":13590,"date":"2024-09-17T10:53:26","date_gmt":"2024-09-17T10:53:26","guid":{"rendered":"https:\/\/whalemiches.com\/?post_type=product&#038;p=13590"},"modified":"2024-09-17T21:54:18","modified_gmt":"2024-09-17T21:54:18","slug":"fun-park","status":"publish","type":"product","link":"https:\/\/whalemiches.com\/pl\/TOUR\/park-rozrywki\/","title":{"rendered":"FUN PARK"},"content":{"rendered":"<p><strong>Fun Park<\/strong> Rozpocznij dzie\u0144 pe\u0142en przyg\u00f3d i odkry\u0107 dzi\u0119ki naszej wycieczce do parku rozrywki, starannie zaprojektowanej, aby zapewni\u0107 niezapomniane wra\u017cenia od pocz\u0105tku do ko\u0144ca. Rozpoczynaj\u0105ca si\u0119 o 9 rano, z godzinami odbioru dostosowanymi do Twojej lokalizacji, ta ca\u0142odniowa wycieczka zapewnia pe\u0142ne zanurzenie w ekscytacji i malowniczym pi\u0119knie.<\/p>\n<p>Twoja podr\u00f3\u017c zaczyna si\u0119 od dreszczyku emocji zwi\u0105zanego z jazd\u0105 na tyrolce, gdzie b\u0119dziesz szybowa\u0107 przez bujne krajobrazy, a nast\u0119pnie przyspieszaj\u0105c\u0105 bicie serca wycieczk\u0105 buggy, oferuj\u0105c\u0105 zar\u00f3wno adrenalin\u0119, jak i malownicze widoki. Przygoda trwa dalej w Atabey Park, zapraszaj\u0105c do zanurzenia si\u0119 w orze\u017awiaj\u0105cych wodach sztucznej jaskini, idealnego po\u0142\u0105czenia emocji i relaksu.<\/p>\n<p>Pyszny lunch dodaje energii na kolejn\u0105 cz\u0119\u015b\u0107 przygody: jazd\u0119 konn\u0105. Do\u015bwiadcz spokojnego pi\u0119kna naszych szlak\u00f3w, spokojnego kontrastu do wcze\u015bniejszych emocji dnia.<\/p>\n<p>Z wygodnym odbiorem i dowozem do hotelu, ka\u017cdy szczeg\u00f3\u0142 jest zadbany, zapewniaj\u0105c, \u017ce dzie\u0144 b\u0119dzie r\u00f3wnie przyjemny, co niezapomniany. Do\u0142\u0105cz do nas na dzie\u0144, kt\u00f3ry obiecuje przygod\u0119, po\u0142\u0105czenie z natur\u0105 i rado\u015b\u0107 z odkrywania.<\/p>","protected":false},"excerpt":{"rendered":"<div data-track=\"overview\" data-v-83a2b402=\"\">\n<section id=\"activity-overview\" class=\"activity-overview\" data-component=\"overview\" data-v-83a2b402=\"\" data-v-f3236c42=\"\">\n<p class=\"activity-overview__content\" data-test-id=\"activity-overview-content\" data-v-f3236c42=\"\">Wyrusz na ekscytuj\u0105c\u0105 ca\u0142odniow\u0105 wycieczk\u0119 do parku rozrywki! Ciesz si\u0119 jazd\u0105 na tyrolce, przygodami buggy, p\u0142ywaniem w sztucznej jaskini, lunchem i jazd\u0105 konn\u0105. W cen\u0119 wliczony jest transfer do hotelu.<\/p>\n<\/section>\n<\/div>\n<div data-track=\"key-details\" data-v-83a2b402=\"\"><\/div>","protected":false},"featured_media":13591,"template":"","meta":[],"product_cat":[100],"product_tag":[102,101],"class_list":{"0":"post-13590","1":"product","2":"type-product","3":"status-publish","4":"has-post-thumbnail","6":"product_cat-dominican-republic","7":"product_tag-excursion","8":"product_tag-tour","10":"first","11":"instock","12":"shipping-taxable","13":"product-type-external"},"_links":{"self":[{"href":"https:\/\/whalemiches.com\/pl\/wp-json\/wp\/v2\/product\/13590","targetHints":{"allow":["GET"]}}],"collection":[{"href":"https:\/\/whalemiches.com\/pl\/wp-json\/wp\/v2\/product"}],"about":[{"href":"https:\/\/whalemiches.com\/pl\/wp-json\/wp\/v2\/types\/product"}],"wp:featuredmedia":[{"embeddable":true,"href":"https:\/\/whalemiches.com\/pl\/wp-json\/wp\/v2\/media\/13591"}],"wp:attachment":[{"href":"https:\/\/whalemiches.com\/pl\/wp-json\/wp\/v2\/media?parent=13590"}],"wp:term":[{"taxonomy":"product_cat","embeddable":true,"href":"https:\/\/whalemiches.com\/pl\/wp-json\/wp\/v2\/product_cat?post=13590"},{"taxonomy":"product_tag","embeddable":true,"href":"https:\/\/whalemiches.com\/pl\/wp-json\/wp\/v2\/product_tag?post=13590"}],"curies":[{"name":"wp","href":"https:\/\/api.w.org\/{rel}","templated":true}]}}