{"id":19162,"date":"2024-09-26T15:45:19","date_gmt":"2024-09-26T15:45:19","guid":{"rendered":"https:\/\/whalemiches.com\/?post_type=product&#038;p=19162"},"modified":"2024-09-29T15:32:51","modified_gmt":"2024-09-29T15:32:51","slug":"punta-cana-private-vip-catamaran-party-cruise-and-snorkel","status":"publish","type":"product","link":"https:\/\/whalemiches.com\/fr\/TOUR\/croisiere-privee-en-catamaran-vip-a-punta-cana-et-plongee-en-apnee\/","title":{"rendered":"Punta Cana : Croisi\u00e8re priv\u00e9e VIP en catamaran et plong\u00e9e en apn\u00e9e"},"content":{"rendered":"<p>Embark on a private VIP party cruise aboard a catamaran. Spend a day of fun on the water with family or friends. Snorkel among natural coral reefs with tropical fish, and then relax while enjoying snacks and drinks.<\/p>\n<p>Start your experience with pickup via private transportation and VIP check-in. Then, board the catamaran and set sail.<\/p>\n<p>Bring your own drinks or choose from the on-board drink bar featuring Sprite, red rock, pi\u00f1a colada, mojitos, Cuba libre, rum, beer, coca-cola, diet coca-cola, fresh natural juices, water, vodka with cranberry, and mamajuana.<\/p>\n<p>As you sightsee from the boat, listen to upbeat music and savor snacks including tropical fruits and nachos with salsa.<\/p>\n<p>Float past panoramic Dolphin Island and stop for 40 minutes of snorkeling for up-close views of marine life (gear and life jackets included).<\/p>\n<p>&nbsp;<\/p>\n<p>Before the end of the cruise, stop at a natural pool or sand bar where the Caribbean Sea and the Atlantic Ocean meet.<\/p>","protected":false},"excerpt":{"rendered":"<div data-track=\"overview\" data-v-83a2b402=\"\">\n<section id=\"activity-overview\" class=\"activity-overview\" data-component=\"overview\" data-v-83a2b402=\"\" data-v-f3236c42=\"\">\n<p class=\"activity-overview__content\" data-test-id=\"activity-overview-content\" data-v-f3236c42=\"\">Take in panoramic views on this private VIP catamaran party cruise and snorkeling trip from Punta Cana. Escape in a party atmosphere with music, snacks, and a variety of bar drinks.<\/p>\n<\/section>\n<\/div>\n<div data-track=\"key-details\" data-v-83a2b402=\"\"><\/div>","protected":false},"featured_media":19170,"template":"","meta":[],"product_cat":[100],"product_tag":[102,101],"class_list":{"0":"post-19162","1":"product","2":"type-product","3":"status-publish","4":"has-post-thumbnail","6":"product_cat-dominican-republic","7":"product_tag-excursion","8":"product_tag-tour","10":"first","11":"instock","12":"shipping-taxable","13":"product-type-external"},"_links":{"self":[{"href":"https:\/\/whalemiches.com\/fr\/wp-json\/wp\/v2\/product\/19162","targetHints":{"allow":["GET"]}}],"collection":[{"href":"https:\/\/whalemiches.com\/fr\/wp-json\/wp\/v2\/product"}],"about":[{"href":"https:\/\/whalemiches.com\/fr\/wp-json\/wp\/v2\/types\/product"}],"wp:featuredmedia":[{"embeddable":true,"href":"https:\/\/whalemiches.com\/fr\/wp-json\/wp\/v2\/media\/19170"}],"wp:attachment":[{"href":"https:\/\/whalemiches.com\/fr\/wp-json\/wp\/v2\/media?parent=19162"}],"wp:term":[{"taxonomy":"product_cat","embeddable":true,"href":"https:\/\/whalemiches.com\/fr\/wp-json\/wp\/v2\/product_cat?post=19162"},{"taxonomy":"product_tag","embeddable":true,"href":"https:\/\/whalemiches.com\/fr\/wp-json\/wp\/v2\/product_tag?post=19162"}],"curies":[{"name":"wp","href":"https:\/\/api.w.org\/{rel}","templated":true}]}}