{"id":16082,"date":"2024-09-21T05:17:41","date_gmt":"2024-09-21T05:17:41","guid":{"rendered":"https:\/\/whalemiches.com\/?post_type=product&#038;p=16082"},"modified":"2025-04-23T15:58:01","modified_gmt":"2025-04-23T15:58:01","slug":"from-punta-cana-bayahibe-and-saona-island-tour-with-lunch","status":"publish","type":"product","link":"https:\/\/whalemiches.com\/fr\/TOUR\/de-punta-cana-bayahibe-et-lile-de-saona-avec-dejeuner\/","title":{"rendered":"Au d\u00e9part de Punta Cana : Bayahibe et l'\u00eele de Saona avec d\u00e9jeuner"},"content":{"rendered":"<div class=\"toggle-content__content toggle-content__content--expanded toggle-content__content--packable\" data-v-59485d64=\"\">\n<div data-test-id=\"activity-full-description-text\" data-v-5835c99c=\"\">Au d\u00e9part de Punta Cana : Bayahibe et l'\u00eele de Saona avec d\u00e9jeuner<\/div>\n<div data-test-id=\"activity-full-description-text\" data-v-5835c99c=\"\"><\/div>\n<div data-test-id=\"activity-full-description-text\" data-v-5835c99c=\"\">Immerse yourself in the exclusivity of Saona Island, the true tourist paradise of the Dominican Republic, an essential destination for every intrepid traveler. Uncover an unforgettable adventure on an island kissed by the sun, caressed by the tropical breeze, and adorned with warm, crystal-clear waters and white sands! This small yet dazzling island, wrapped mainly in palm trees and mangroves and featuring extensive tranquil beaches, is nothing less than a coveted tropical haven for every visitor to the Dominican Republic and Bayahibe and Saona Island<\/div>\n<div data-test-id=\"activity-full-description-text\" data-v-5835c99c=\"\"><\/div>\n<div data-test-id=\"activity-full-description-text\" data-v-5835c99c=\"\">The adventure begins in Bayahibe, a picturesque tourist village that, originally founded by fishermen, has transformed into a sumptuous sun-and-beach sanctuary. Your journey includes a stop at the Natural Pool, considered the largest in the Dominican Republic. This Natural Pool is a formation of white sand with a depth of just one meter, rich in starfish; here, we will pause for a rejuvenating dip.<\/div>\n<div data-test-id=\"activity-full-description-text\" data-v-5835c99c=\"\"><\/div>\n<div data-test-id=\"activity-full-description-text\" data-v-5835c99c=\"\">Experience the unique Saona Island and enjoy the exceptional benefits that set this adventure apart: Avoid long queues to board the catamaran, escape the crowds on the beach, access an exclusive boarding area for the boat, and indulge in a private beach zone on Saona Island with inclusive beverages.<\/div>\n<div data-test-id=\"activity-full-description-text\" data-v-5835c99c=\"\"><\/div>\n<div data-test-id=\"activity-full-description-text\" data-v-5835c99c=\"\">Stroll along the beach, cool off in its waters, soak up the sun, partake in games, unwind beneath the palm trees, savor a buffet lunch, and indulge in an open bar (rum, Cuba Libre, beer, Coca Cola, water, coffee), with free time to make your day truly extraordinary, Bayahibe and Saona Island.<\/div>\n<\/div>\n<div class=\"toggle-content__label-placeholder\" data-v-59485d64=\"\"><\/div>","protected":false},"excerpt":{"rendered":"<div data-track=\"overview\" data-v-83a2b402=\"\">\n<section id=\"activity-overview\" class=\"activity-overview\" data-component=\"overview\" data-v-83a2b402=\"\" data-v-f3236c42=\"\">\n<p class=\"activity-overview__content\" data-test-id=\"activity-overview-content\" data-v-f3236c42=\"\">Visitez le village de Bayahibe et d\u00e9tendez-vous sous les palmiers de la plage de l'\u00eele de Saona lors d'une visite guid\u00e9e au d\u00e9part de Punta Cana. Nagez dans la mer et profitez d'un d\u00e9jeuner buffet avec du rhum, du coca et d'autres boissons.<\/p>\n<\/section>\n<\/div>\n<div data-track=\"key-details\" data-v-83a2b402=\"\"><\/div>","protected":false},"featured_media":16090,"template":"","meta":[],"product_cat":[100,233],"product_tag":[102,101],"class_list":{"0":"post-16082","1":"product","2":"type-product","3":"status-publish","4":"has-post-thumbnail","6":"product_cat-dominican-republic","7":"product_cat-saona-island","8":"product_tag-excursion","9":"product_tag-tour","11":"first","12":"instock","13":"sale","14":"shipping-taxable","15":"product-type-external"},"_links":{"self":[{"href":"https:\/\/whalemiches.com\/fr\/wp-json\/wp\/v2\/product\/16082","targetHints":{"allow":["GET"]}}],"collection":[{"href":"https:\/\/whalemiches.com\/fr\/wp-json\/wp\/v2\/product"}],"about":[{"href":"https:\/\/whalemiches.com\/fr\/wp-json\/wp\/v2\/types\/product"}],"wp:featuredmedia":[{"embeddable":true,"href":"https:\/\/whalemiches.com\/fr\/wp-json\/wp\/v2\/media\/16090"}],"wp:attachment":[{"href":"https:\/\/whalemiches.com\/fr\/wp-json\/wp\/v2\/media?parent=16082"}],"wp:term":[{"taxonomy":"product_cat","embeddable":true,"href":"https:\/\/whalemiches.com\/fr\/wp-json\/wp\/v2\/product_cat?post=16082"},{"taxonomy":"product_tag","embeddable":true,"href":"https:\/\/whalemiches.com\/fr\/wp-json\/wp\/v2\/product_tag?post=16082"}],"curies":[{"name":"wp","href":"https:\/\/api.w.org\/{rel}","templated":true}]}}