{"id":15132,"date":"2020-09-19T18:15:44","date_gmt":"2020-09-19T18:15:44","guid":{"rendered":"https:\/\/whalemiches.com\/?post_type=product&#038;p=15132"},"modified":"2024-09-20T01:50:57","modified_gmt":"2024-09-20T01:50:57","slug":"private-transfer-from-sdq-to-dreams-macao","status":"publish","type":"product","link":"https:\/\/whalemiches.com\/fr\/TOUR\/transfert-prive-du-sdq-aux-reves-de-macao\/","title":{"rendered":"Transfert priv\u00e9 de SDQ \u00e0 Dreams Macao"},"content":{"rendered":"<p><strong>Transfert priv\u00e9 de SDQ \u00e0 Dreams Macao<\/strong><\/p>\n<p>Punta Cana Transfer is a leader in providing private transportation all over Punta Cana. As a company, we have over 4 years of experience and over 1000 5-star reviews on TripAdvisor. Enjoy the ease that comes with being attended by your customer service representative before, during, and after your trip.<\/p>\n<p>No tickets, waiting for emails, or long queues, all communication is immediate and over SMS. Your driver will be waiting with a sign upon your arrival and will take you straight to your resort with no unwanted stops or surprises. Book your ride and go straight from the Santo Domingo Airport to Dreams Macao or from Dreams Macao to the Santo Domingo Airport to catch your flight.<\/p>","protected":false},"excerpt":{"rendered":"<div data-track=\"overview\" data-v-83a2b402=\"\">\n<section id=\"activity-overview\" class=\"activity-overview\" data-component=\"overview\" data-v-83a2b402=\"\" data-v-f3236c42=\"\">\n<p class=\"activity-overview__content\" data-test-id=\"activity-overview-content\" data-v-f3236c42=\"\">\u00c9vitez l'attente et rejoignez directement le paradis ! D\u00e8s votre arriv\u00e9e, votre chauffeur sera \u00e0 la sortie du terminal avec une pancarte \u00e0 votre nom, pr\u00eat \u00e0 vous conduire directement \u00e0 votre lieu de vill\u00e9giature.<\/p>\n<\/section>\n<\/div>\n<div data-track=\"key-details\" data-v-83a2b402=\"\"><\/div>","protected":false},"featured_media":15133,"template":"","meta":[],"product_cat":[100],"product_tag":[102,101],"class_list":{"0":"post-15132","1":"product","2":"type-product","3":"status-publish","4":"has-post-thumbnail","6":"product_cat-dominican-republic","7":"product_tag-excursion","8":"product_tag-tour","10":"first","11":"instock","12":"sale","13":"shipping-taxable","14":"product-type-external"},"_links":{"self":[{"href":"https:\/\/whalemiches.com\/fr\/wp-json\/wp\/v2\/product\/15132","targetHints":{"allow":["GET"]}}],"collection":[{"href":"https:\/\/whalemiches.com\/fr\/wp-json\/wp\/v2\/product"}],"about":[{"href":"https:\/\/whalemiches.com\/fr\/wp-json\/wp\/v2\/types\/product"}],"wp:featuredmedia":[{"embeddable":true,"href":"https:\/\/whalemiches.com\/fr\/wp-json\/wp\/v2\/media\/15133"}],"wp:attachment":[{"href":"https:\/\/whalemiches.com\/fr\/wp-json\/wp\/v2\/media?parent=15132"}],"wp:term":[{"taxonomy":"product_cat","embeddable":true,"href":"https:\/\/whalemiches.com\/fr\/wp-json\/wp\/v2\/product_cat?post=15132"},{"taxonomy":"product_tag","embeddable":true,"href":"https:\/\/whalemiches.com\/fr\/wp-json\/wp\/v2\/product_tag?post=15132"}],"curies":[{"name":"wp","href":"https:\/\/api.w.org\/{rel}","templated":true}]}}