{"id":13933,"date":"2020-09-17T21:44:19","date_gmt":"2020-09-17T21:44:19","guid":{"rendered":"https:\/\/whalemiches.com\/?post_type=product&#038;p=13933"},"modified":"2024-09-19T21:28:10","modified_gmt":"2024-09-19T21:28:10","slug":"punta-cana-montana-redonda-y-costa-esmeralda","status":"publish","type":"product","link":"https:\/\/whalemiches.com\/fi\/TOUR\/punta-cana-montana-redonda-y-costa-esmeralda\/","title":{"rendered":"Punta Cana: Pana Cana: Monta\u00f1a Redonda y Costa Esmeralda: Monta\u00f1a Redonda y Costa Esmeralda"},"content":{"rendered":"<p><strong>Punta Cana: Pana Cana: Monta\u00f1a Redonda y Costa Esmeralda: Monta\u00f1a Redonda y Costa Esmeralda<\/strong><\/p>\n<p>Visit two of the Dominican Republic\u2019s top spots, Round Mountain and Emerald Beach, on this small group half-day trip from Punta Cana. You\u2019ll be collected from your hotel, and then taken in an air-conditioned vehicle first to Emerald Beach (Playa Esmeralda), to enjoy the beach and tour the fishing villages.<\/p>\n<p>Then you\u2019ll get to Round Mountain (Montana Redonda), with great views of the red and yellow lagoons. Enjoy a typical Dominican lunch today Make some new friends in your small group<\/p>\n<div class=\"toggle-content__content toggle-content__content--expanded toggle-content__content--packable\" data-v-59485d64=\"\">\n<div data-test-id=\"activity-full-description-text\" data-v-5835c99c=\"\">Your guide will tell you all about both of these amazing places Get your cameras ready for some great views you\u2019ll want to capture<\/div>\n<\/div>\n<div data-v-59485d64=\"\">\n<div class=\"woocommerce-product-details__short-description\">\n<div data-track=\"overview\" data-v-83a2b402=\"\">\n<section id=\"activity-overview\" class=\"activity-overview\" data-component=\"overview\" data-v-83a2b402=\"\" data-v-f3236c42=\"\">\n<p class=\"activity-overview__content\" data-test-id=\"activity-overview-content\" data-v-f3236c42=\"\">Explore one of the most beautiful places in the Dominican Republic with this excursion to Monta\u00f1a Redonda. You will be surrounded by nature while enjoying a unique panoramic view.<\/p>\n<\/section>\n<\/div>\n<div data-track=\"key-details\" data-v-83a2b402=\"\"><\/div>\n<\/div>\n<\/div>","protected":false},"excerpt":{"rendered":"<div data-track=\"overview\" data-v-83a2b402=\"\">\n<section id=\"activity-overview\" class=\"activity-overview\" data-component=\"overview\" data-v-83a2b402=\"\" data-v-f3236c42=\"\">\n<p class=\"activity-overview__content\" data-test-id=\"activity-overview-content\" data-v-f3236c42=\"\">Explore one of the most beautiful places in the Dominican Republic with this excursion to Monta\u00f1a Redonda. You will be surrounded by nature while enjoying a unique panoramic view.<\/p>\n<\/section>\n<\/div>\n<div data-track=\"key-details\" data-v-83a2b402=\"\"><\/div>","protected":false},"featured_media":13935,"template":"","meta":[],"product_cat":[100],"product_tag":[102,101],"class_list":{"0":"post-13933","1":"product","2":"type-product","3":"status-publish","4":"has-post-thumbnail","6":"product_cat-dominican-republic","7":"product_tag-excursion","8":"product_tag-tour","10":"first","11":"instock","12":"shipping-taxable","13":"product-type-external"},"_links":{"self":[{"href":"https:\/\/whalemiches.com\/fi\/wp-json\/wp\/v2\/product\/13933","targetHints":{"allow":["GET"]}}],"collection":[{"href":"https:\/\/whalemiches.com\/fi\/wp-json\/wp\/v2\/product"}],"about":[{"href":"https:\/\/whalemiches.com\/fi\/wp-json\/wp\/v2\/types\/product"}],"wp:featuredmedia":[{"embeddable":true,"href":"https:\/\/whalemiches.com\/fi\/wp-json\/wp\/v2\/media\/13935"}],"wp:attachment":[{"href":"https:\/\/whalemiches.com\/fi\/wp-json\/wp\/v2\/media?parent=13933"}],"wp:term":[{"taxonomy":"product_cat","embeddable":true,"href":"https:\/\/whalemiches.com\/fi\/wp-json\/wp\/v2\/product_cat?post=13933"},{"taxonomy":"product_tag","embeddable":true,"href":"https:\/\/whalemiches.com\/fi\/wp-json\/wp\/v2\/product_tag?post=13933"}],"curies":[{"name":"wp","href":"https:\/\/api.w.org\/{rel}","templated":true}]}}