{"id":17012,"date":"2024-09-23T00:38:52","date_gmt":"2024-09-23T00:38:52","guid":{"rendered":"https:\/\/whalemiches.com\/?post_type=product&#038;p=17012"},"modified":"2025-04-23T14:49:32","modified_gmt":"2025-04-23T14:49:32","slug":"punta-cana-saona-island-and-altos-de-chavon-day-trip","status":"publish","type":"product","link":"https:\/\/whalemiches.com\/es\/TOUR\/punta-cana-isla-saona-y-altos-de-chavon-excursion-de-un-dia\/","title":{"rendered":"Punta Cana: Excursi\u00f3n de un d\u00eda a Isla Saona y Altos de Chav\u00f3n"},"content":{"rendered":"<p>Punta Cana: Excursi\u00f3n de un d\u00eda a Isla Saona y Altos de Chav\u00f3n<\/p>\n<p>Explore the Mediterranean-style village of Altos de Chavon and dig your toes in the sand of Saona Island on this day trip from Punta Cana. Enjoy live commentary from a guide, savor a buffet lunch with unlimited drinks, and tickets to the East National Park.<\/p>\n<p>Head to Altos de Chav\u00f3n to see a replica of a 16th-century Mediterranean village perched above the Chav\u00f3n River. Admire the work of artisans from the Dominican Republic who crafted the village in detail.<\/p>\n<p>Board a catamaran and cruise to Saona Island and get back to nature in the government-protected reserve. Relax on the beach and top up your tan, or go for a swim. Explore the tropical surroundings at leisure and discover one of the most beautiful beaches in the Caribbean.<\/p>\n<div class=\"toggle-content__content toggle-content__content--expanded toggle-content__content--packable\" data-v-59485d64=\"\">\n<div data-test-id=\"activity-full-description-text\" data-v-5835c99c=\"\">Marvel at the white sand and coconut palms before a BBQ buffet lunch of typical island fare. Make use of the open bar and sample local drinks before returning to Punta Cana.<\/div>\n<\/div>\n<div class=\"toggle-content__label-placeholder\" data-v-59485d64=\"\"><\/div>\n<div id=\"gtx-trans\" style=\"position: absolute; left: 155px; top: 0px;\">\n<div class=\"gtx-trans-icon\"><\/div>\n<\/div>","protected":false},"excerpt":{"rendered":"<div data-track=\"overview\" data-v-83a2b402=\"\">\n<section id=\"activity-overview\" class=\"activity-overview\" data-component=\"overview\" data-v-83a2b402=\"\" data-v-f3236c42=\"\">\n<p class=\"activity-overview__content\" data-test-id=\"activity-overview-content\" data-v-f3236c42=\"\">Embark on a guided tour of Saona Island. Relax on the beach and enjoy a buffet lunch. Learn about the Dominican Republic and admire the artisanal handcrafts at the replica village of Altos de Chav\u00f3n.<\/p>\n<\/section>\n<\/div>\n<div data-track=\"key-details\" data-v-83a2b402=\"\"><\/div>","protected":false},"featured_media":17013,"template":"","meta":[],"product_cat":[100,233],"product_tag":[102,101],"class_list":{"0":"post-17012","1":"product","2":"type-product","3":"status-publish","4":"has-post-thumbnail","6":"product_cat-dominican-republic","7":"product_cat-saona-island","8":"product_tag-excursion","9":"product_tag-tour","11":"first","12":"instock","13":"sale","14":"shipping-taxable","15":"product-type-external"},"_links":{"self":[{"href":"https:\/\/whalemiches.com\/es\/wp-json\/wp\/v2\/product\/17012","targetHints":{"allow":["GET"]}}],"collection":[{"href":"https:\/\/whalemiches.com\/es\/wp-json\/wp\/v2\/product"}],"about":[{"href":"https:\/\/whalemiches.com\/es\/wp-json\/wp\/v2\/types\/product"}],"wp:featuredmedia":[{"embeddable":true,"href":"https:\/\/whalemiches.com\/es\/wp-json\/wp\/v2\/media\/17013"}],"wp:attachment":[{"href":"https:\/\/whalemiches.com\/es\/wp-json\/wp\/v2\/media?parent=17012"}],"wp:term":[{"taxonomy":"product_cat","embeddable":true,"href":"https:\/\/whalemiches.com\/es\/wp-json\/wp\/v2\/product_cat?post=17012"},{"taxonomy":"product_tag","embeddable":true,"href":"https:\/\/whalemiches.com\/es\/wp-json\/wp\/v2\/product_tag?post=17012"}],"curies":[{"name":"wp","href":"https:\/\/api.w.org\/{rel}","templated":true}]}}