{"id":16741,"date":"2024-09-22T12:50:49","date_gmt":"2024-09-22T12:50:49","guid":{"rendered":"https:\/\/whalemiches.com\/?post_type=product&#038;p=16741"},"modified":"2024-09-22T12:51:57","modified_gmt":"2024-09-22T12:51:57","slug":"private-transfer-from-sdq-to-iberostar-dominicana","status":"publish","type":"product","link":"https:\/\/whalemiches.com\/es\/TOUR\/traslado-privado-de-sdq-a-iberostar-dominicana\/","title":{"rendered":"Traslado privado desde SDQ a Iberostar Dominicana"},"content":{"rendered":"<p>Punta Cana Transfer is a leader in providing private transportation all over Punta Cana. A As a company, we have over 4 years of experience and over 1000 5-star reviews on TripAdvisor. Enjoy the ease that comes with being attended by your own customer service representative before, during, and after your trip. No tickets, waiting for emails, or long queues, all communication is immediate and over SMS. Your driver will be waiting with a sign upon your arrival and will take you straight to your resort with no unwanted stops or surprises. Book your ride and go straight from the Santo Domingo Airport to Iberostar Dominicana or from Iberostar Dominicana to the Santo Domingo Airport to catch your flight.<\/p>","protected":false},"excerpt":{"rendered":"<div data-track=\"overview\" data-v-83a2b402=\"\">\n<section id=\"activity-overview\" class=\"activity-overview\" data-component=\"overview\" data-v-83a2b402=\"\" data-v-f3236c42=\"\">\n<p class=\"activity-overview__content\" data-test-id=\"activity-overview-content\" data-v-f3236c42=\"\">S\u00e1ltese la espera y dir\u00edjase directamente al para\u00edso. En cuanto llegue, su conductor estar\u00e1 a la salida de la terminal con un cartel con su nombre, listo para llevarle directamente a su complejo.<\/p>\n<\/section>\n<\/div>\n<div data-track=\"key-details\" data-v-83a2b402=\"\"><\/div>","protected":false},"featured_media":16742,"template":"","meta":[],"product_cat":[100],"product_tag":[102,101],"class_list":{"0":"post-16741","1":"product","2":"type-product","3":"status-publish","4":"has-post-thumbnail","6":"product_cat-dominican-republic","7":"product_tag-excursion","8":"product_tag-tour","10":"first","11":"instock","12":"shipping-taxable","13":"product-type-external"},"_links":{"self":[{"href":"https:\/\/whalemiches.com\/es\/wp-json\/wp\/v2\/product\/16741","targetHints":{"allow":["GET"]}}],"collection":[{"href":"https:\/\/whalemiches.com\/es\/wp-json\/wp\/v2\/product"}],"about":[{"href":"https:\/\/whalemiches.com\/es\/wp-json\/wp\/v2\/types\/product"}],"wp:featuredmedia":[{"embeddable":true,"href":"https:\/\/whalemiches.com\/es\/wp-json\/wp\/v2\/media\/16742"}],"wp:attachment":[{"href":"https:\/\/whalemiches.com\/es\/wp-json\/wp\/v2\/media?parent=16741"}],"wp:term":[{"taxonomy":"product_cat","embeddable":true,"href":"https:\/\/whalemiches.com\/es\/wp-json\/wp\/v2\/product_cat?post=16741"},{"taxonomy":"product_tag","embeddable":true,"href":"https:\/\/whalemiches.com\/es\/wp-json\/wp\/v2\/product_tag?post=16741"}],"curies":[{"name":"wp","href":"https:\/\/api.w.org\/{rel}","templated":true}]}}