{"id":16647,"date":"2024-09-22T00:40:40","date_gmt":"2024-09-22T00:40:40","guid":{"rendered":"https:\/\/whalemiches.com\/?post_type=product&#038;p=16647"},"modified":"2025-04-18T10:10:39","modified_gmt":"2025-04-18T10:10:39","slug":"punta-cana-souvenir-shopping-tour-with-traditional-tastings","status":"publish","type":"product","link":"https:\/\/whalemiches.com\/es\/TOUR\/los-haitises-cueva-el-naranjo-y-laguna-cristal-de-sabana-de-la-mar\/","title":{"rendered":"Los Haitises: Cueva el Naranjo y Laguna Cristal from Sabana de la mar"},"content":{"rendered":"<p>[vc_row][vc_column][vc_column_text]<\/p>\n<h2><span style=\"font-weight: 400;\">Los Haitises: Cueva el Naranjo y Laguna Cristal<\/span><\/h2>\n<p>Sabana de la mar<\/p>\n<p>&nbsp;<\/p>\n<p><b>Overview<\/b><span style=\"font-weight: 400;\">\u00a0<\/span><\/p>\n<p>&nbsp;<\/p>\n<p><span style=\"font-weight: 400;\">Los Haitises National Park is a natural treasure of the Dominican Republic where 25% of the freshwater is found in Hispaniola, during this experience we are taking around some of the most important spots of this amazing park.\u00a0 Get your ticket to explore Ojo de Cielo Cave, Laguna Cristal, Barracote River, and Samana Bay.\u00a0<\/span><\/p>\n<p>&nbsp;<\/p>\n<p><span style=\"font-weight: 400;\">From the hydrographic point of view<\/span><span style=\"font-weight: 400;\">, Los Haitises and its areas of influence comprise two regions: the lower basin of the Yuna River and the area of \u200b\u200bMiches and Sabana de la Mar. The Yuna drains through two mouths: that of the Yuna itself and that of the Barracote. Additionally, in the area there are the Payabo, Los Cocos and Naranjo rivers, and the Cabirma, Estero, Prieto and other channels.<\/span><\/p>\n<p>&nbsp;<\/p>\n<p><span style=\"font-weight: 400;\">About Los Haitises Landscape,<\/span><span style=\"font-weight: 400;\"> in addition to the caves, are Ca\u00f1o Hondo, Punta Arena, Ca\u00f1o Salado, Bah\u00eda de San Lorenzo and Cayo de los P\u00e1jaros, which are very impressive landscape elements. The latter, located between Boca del Infierno and El Naranjo Arriba, is easily recognized by the almost permanent presence of earwigs and pelicans.<\/span><\/p>\n<p>&nbsp;<\/p>\n<p><span style=\"font-weight: 400;\">About Sanchez City,<\/span><span style=\"font-weight: 400;\"> It was previously a small town called Las Ca\u00f1itas, but in 1888 it was elevated to the status of a municipality named after one of the founders of the Dominican Republic, Francisco del Rosario S\u00e1nchez. It grew in importance and population after the establishment of the railroad in 1865. This line extended to the central region of Cibao, turning this small Caribbean community into the most important port in the country from the end of the 19th century until the beginning of the next century. .<\/span><\/p>\n<p>&nbsp;<\/p>\n<p><span style=\"font-weight: 400;\">About Laguna Cristal,<\/span><span style=\"font-weight: 400;\"> Laguna Cristal is a beautiful source of fresh water at the gates of the Los Haitises National Park, north of the province of Monte Plata, which has a unique beauty due to its natural attractions and the peace it gives us. The lagoon is fed by groundwater that comes from the neighboring park. A small navigable river emerges from the lagoon for a few hundred meters that feeds the Barracote River, which then flows into the Bay of San Lorenzo. It would be about 200 meters deep and 70 meters in diameter.\u00a0<\/span><\/p>\n<p>&nbsp;<\/p>\n<p><span style=\"font-weight: 400;\">El Naranjo Cave<\/span><span style=\"font-weight: 400;\">, The El Naranjo River, navigable despite its length of 120 meters, originates in a cavern and can be considered a jewel of nature in Los Haitises National Park, It is an attraction worth knowing, which allows you to appreciate the shortest river in the area island, In a boat you can reach to the end of the cave where the water come from. The cave is a reservoir for bats and swifts and its waters are home to native fish species, which in other rivers and streams are things of the past, such as guabinas, dajaos, carpias, shrimps and crabs.<\/span><\/p>\n<p>&nbsp;<\/p>\n<p><b>Inclusions<\/b><\/p>\n<p><span style=\"font-weight: 400;\">All taxes, fees and handling charges<\/span><\/p>\n<p><span style=\"font-weight: 400;\">Local taxes<\/span><\/p>\n<p><span style=\"font-weight: 400;\">Officials Ecologist tour guides English\/Spanish<\/span><\/p>\n<p><span style=\"font-weight: 400;\">Local Transportation (Hotel Pick up)<\/span><\/p>\n<p><span style=\"font-weight: 400;\">Speed Boat<\/span><\/p>\n<p><span style=\"font-weight: 400;\">Local Lunch<\/span><\/p>\n<p><span style=\"font-weight: 400;\">Laguna Cristal\u00a0\u00a0<\/span><\/p>\n<p><span style=\"font-weight: 400;\">Cueva del Naranjo\u00a0<\/span><\/p>\n<p>&nbsp;<\/p>\n<p><b>Exclusions<\/b><\/p>\n<p>&nbsp;<\/p>\n<p><span style=\"font-weight: 400;\">Gratuities<\/span><\/p>\n<p><span style=\"font-weight: 400;\">Beverage<\/span><\/p>\n<p><span style=\"font-weight: 400;\">\u00a0<\/span><\/p>\n<p>&nbsp;<\/p>\n<p><b>Departure &amp; Return<\/b><\/p>\n<p><span style=\"font-weight: 400;\">The tour, organized by \u201cBooking Adventures\u201d starts at the meeting point set with the Tour Guide. The traveler will get a meeting point after the Reservation Process. Tours start and Finish in our meeting points.<\/span><\/p>\n<p>&nbsp;<\/p>\n<p><b>What To Expect?<\/b><\/p>\n<p><span style=\"font-weight: 400;\">Get your ticket for Searching For The\u00a0 Los Haitises: Los Haitises: Cueva el Naranjo y Laguna Cristal, this experience will give you the opportunity to see most of the biodiversity of the island.\u00a0<\/span><\/p>\n<p>&nbsp;<\/p>\n<p><span style=\"font-weight: 400;\">This activity will start from your pick up from your accommodation in any of these areas:<\/span><\/p>\n<ul>\n<li style=\"font-weight: 400;\" aria-level=\"1\"><span style=\"font-weight: 400;\">Las Terrenas\u00a0<\/span><\/li>\n<li style=\"font-weight: 400;\" aria-level=\"1\"><span style=\"font-weight: 400;\">Sanchez\u00a0<\/span><\/li>\n<li style=\"font-weight: 400;\" aria-level=\"1\"><span style=\"font-weight: 400;\">Las Galeras<\/span><\/li>\n<li style=\"font-weight: 400;\" aria-level=\"1\"><span style=\"font-weight: 400;\">Santa Barbara de Samana\u00a0<\/span><\/li>\n<\/ul>\n<h3><b>Schedule<\/b><b>\u00a0<\/b><\/h3>\n<p><b>Sanchez Samana,\u00a0 Swimming at Laguna Cristal and El Naranjo River &amp; Caves\u00a0<\/b><\/p>\n<p>&nbsp;<\/p>\n<p><span style=\"font-weight: 400;\">Hotel pick up: starts 7:00 am (Depending where you are located). There are different options timing at the booking form. Tour is 8 Hours.\u00a0<\/span><\/p>\n<p>&nbsp;<\/p>\n<p><span style=\"font-weight: 400;\">This is going to be an early morning to pick you up from your hotel and drive you to our meeting point in Sanchez Samana, where you will meet your local tour guide before going over the itinerary for the rest of the day.\u00a0<\/span><\/p>\n<p>&nbsp;<\/p>\n<p><span style=\"font-weight: 400;\">When you get ready we are boarding our speed boat to head to El Naranjo which is the first stop of the day, where we are going into the cave by boat and swimming in the freshwater of the shortest river of the island.\u00a0<\/span><\/p>\n<p>&nbsp;<\/p>\n<p><span style=\"font-weight: 400;\">Your second boat ride will be through the Barracote River to get to Laguna Cristal. We will have to navigate one of the largest rivers in the northeast of the country. At Cristal Area we will have a break for lunch before jumping in the water.<\/span><\/p>\n<p>&nbsp;<\/p>\n<p><span style=\"font-weight: 400;\">After trying some local lunch we are going to have a siesta by Cristal Lagoon and then go swimming, before heading back to Sanchez Samana.\u00a0<\/span><\/p>\n<p>&nbsp;<\/p>\n<p><span style=\"font-weight: 400;\">Hotel Drop off: 4:00 pm or later depending on time you started the trip. Tour is total 8 Hours.\u00a0<\/span><\/p>\n<p>&nbsp;<\/p>\n<p><span style=\"font-weight: 400;\">Itinerary days and activities are subject to change without notice due to unforeseen circumstances or events. See full terms and conditions for more information.<\/span>[\/vc_column_text][\/vc_column][\/vc_row]<\/p>\n","protected":false},"excerpt":{"rendered":"<p>Visiting el Naranjo River with the cave and Cristal Lagun in Los Haitises National Park with local expert tour guide. Lunch and transportation are included in Sabana de la mar.<\/p>","protected":false},"featured_media":20162,"template":"","meta":[],"product_cat":[809],"product_tag":[810],"class_list":{"0":"post-16647","1":"product","2":"type-product","3":"status-publish","4":"has-post-thumbnail","6":"product_cat-haitises","7":"product_tag-haitises","9":"first","10":"instock","11":"shipping-taxable","12":"product-type-external"},"_links":{"self":[{"href":"https:\/\/whalemiches.com\/es\/wp-json\/wp\/v2\/product\/16647","targetHints":{"allow":["GET"]}}],"collection":[{"href":"https:\/\/whalemiches.com\/es\/wp-json\/wp\/v2\/product"}],"about":[{"href":"https:\/\/whalemiches.com\/es\/wp-json\/wp\/v2\/types\/product"}],"wp:featuredmedia":[{"embeddable":true,"href":"https:\/\/whalemiches.com\/es\/wp-json\/wp\/v2\/media\/20162"}],"wp:attachment":[{"href":"https:\/\/whalemiches.com\/es\/wp-json\/wp\/v2\/media?parent=16647"}],"wp:term":[{"taxonomy":"product_cat","embeddable":true,"href":"https:\/\/whalemiches.com\/es\/wp-json\/wp\/v2\/product_cat?post=16647"},{"taxonomy":"product_tag","embeddable":true,"href":"https:\/\/whalemiches.com\/es\/wp-json\/wp\/v2\/product_tag?post=16647"}],"curies":[{"name":"wp","href":"https:\/\/api.w.org\/{rel}","templated":true}]}}