{"id":15697,"date":"2024-09-20T19:19:17","date_gmt":"2024-09-20T19:19:17","guid":{"rendered":"https:\/\/whalemiches.com\/?post_type=product&#038;p=15697"},"modified":"2024-09-20T19:19:42","modified_gmt":"2024-09-20T19:19:42","slug":"party-boat-catamaran-excursion-taino-bay-and-amber-cove","status":"publish","type":"product","link":"https:\/\/whalemiches.com\/es\/TOUR\/party-boat-catamaran-excursion-taino-bay-and-amber-cove\/","title":{"rendered":"Party boat catamaran excursion (Taino Bay and amber cove)"},"content":{"rendered":"<p>Reserve un d\u00eda todo incluido en el agua, navegando a bordo del catamar\u00e1n \"Tip Tip\" desde Sos\u00faa. El capit\u00e1n navegar\u00e1 hasta dos puntos diferentes para practicar snorkel. Tome bebidas ilimitadas del bar abierto y disfrute de un almuerzo buffet a bordo. Esta excursi\u00f3n de medio d\u00eda incluye incluso la recogida y regreso al hotel, por lo que no le supondr\u00e1 ninguna molestia. Crucero en catamar\u00e1n de medio d\u00eda o de d\u00eda completo desde la playa de Sos\u00faa, excursi\u00f3n con todo incluido que incluye almuerzo buffet, barra libre y equipo de snorkel Parada en dos puntos de snorkel y disfrute de un ambiente l\u00fadico en el agua Recogida sin complicaciones en su c\u00e9ntrico hotel o crucero.<\/p>","protected":false},"excerpt":{"rendered":"<div data-track=\"overview\" data-v-83a2b402=\"\">\n<section id=\"activity-overview\" class=\"activity-overview\" data-component=\"overview\" data-v-83a2b402=\"\" data-v-f3236c42=\"\">\n<p class=\"activity-overview__content\" data-test-id=\"activity-overview-content\" data-v-f3236c42=\"\">Reserve un d\u00eda todo incluido en el agua, navegando a bordo del catamar\u00e1n \"Tip Tip\" desde Sos\u00faa. El capit\u00e1n navega a dos puntos diferentes de buceo, con equipo de snorkel proporcionado.<\/p>\n<\/section>\n<\/div>\n<div data-track=\"key-details\" data-v-83a2b402=\"\"><\/div>","protected":false},"featured_media":15698,"template":"","meta":[],"product_cat":[100],"product_tag":[102,101],"class_list":{"0":"post-15697","1":"product","2":"type-product","3":"status-publish","4":"has-post-thumbnail","6":"product_cat-dominican-republic","7":"product_tag-excursion","8":"product_tag-tour","10":"first","11":"instock","12":"shipping-taxable","13":"product-type-external"},"_links":{"self":[{"href":"https:\/\/whalemiches.com\/es\/wp-json\/wp\/v2\/product\/15697","targetHints":{"allow":["GET"]}}],"collection":[{"href":"https:\/\/whalemiches.com\/es\/wp-json\/wp\/v2\/product"}],"about":[{"href":"https:\/\/whalemiches.com\/es\/wp-json\/wp\/v2\/types\/product"}],"wp:featuredmedia":[{"embeddable":true,"href":"https:\/\/whalemiches.com\/es\/wp-json\/wp\/v2\/media\/15698"}],"wp:attachment":[{"href":"https:\/\/whalemiches.com\/es\/wp-json\/wp\/v2\/media?parent=15697"}],"wp:term":[{"taxonomy":"product_cat","embeddable":true,"href":"https:\/\/whalemiches.com\/es\/wp-json\/wp\/v2\/product_cat?post=15697"},{"taxonomy":"product_tag","embeddable":true,"href":"https:\/\/whalemiches.com\/es\/wp-json\/wp\/v2\/product_tag?post=15697"}],"curies":[{"name":"wp","href":"https:\/\/api.w.org\/{rel}","templated":true}]}}