{"id":15619,"date":"2024-09-20T16:59:02","date_gmt":"2024-09-20T16:59:02","guid":{"rendered":"https:\/\/whalemiches.com\/?post_type=product&#038;p=15619"},"modified":"2024-09-20T16:59:35","modified_gmt":"2024-09-20T16:59:35","slug":"punta-cana7-playas-walking-tourcasa-tipica-lunch-included","status":"publish","type":"product","link":"https:\/\/whalemiches.com\/es\/TOUR\/punta-cana7-playas-caminata-tourcasa-tipica-almuerzo-incluido-2\/","title":{"rendered":"Punta Cana:7 Playas Walking Tour+Casa Tipica Almuerzo Incluido"},"content":{"rendered":"<p>7 Playa y Casa Tipica\" ofrece una mezcla \u00fanica de siete villas frente al mar y alojamientos tradicionales \"Casa Tipica\", proporcionando una experiencia aut\u00e9ntica y lujosa a los viajeros. Con impresionantes vistas al oc\u00e9ano, comodidades modernas y un toque de patrimonio local, estas propiedades prometen una estancia inolvidable en un entorno sereno y culturalmente rico. Itinerario:<\/p>\n<p>1.Recogida por la ma\u00f1ana: La recogida en el hotel comenzar\u00e1 a las 5:45 de la ma\u00f1ana. Los hu\u00e9spedes ser\u00e1n recogidos en Punta Cana en c\u00f3modos veh\u00edculos con aire acondicionado.<\/p>\n<p>2.Viaje panor\u00e1mico a Miches: Viaje a Miches: Disfrute de un pintoresco viaje en coche desde Punta Cana hasta Miches, punto de partida de las actividades del d\u00eda. Cruce de la bah\u00eda de Saman\u00e1:<\/p>\n<p>3.Subida al autob\u00fas para las fotos: A su llegada a Miches, suba a bordo de un autob\u00fas para un viaje esc\u00e9nico a trav\u00e9s de la Bah\u00eda de Saman\u00e1, capturando hermosas fotos en el coraz\u00f3n de la ciudad de Saman\u00e1.<\/p>\n<p>4. 7 Playas Walking Tour: Exploraci\u00f3n de Playas: Emb\u00e1rcate en un recorrido a pie explorando las impresionantes 7 Playas de Saman\u00e1, experimentando la belleza de cada playa.<\/p>\n<p>5. Visita Casa Tipica: Visita a una Casa Tipica: Explora y experimenta una Casa Tipica, sumergi\u00e9ndote en la cultura y tradiciones locales.<\/p>\n<p>6. Almuerzo: Almuerzo en Saman\u00e1: Despu\u00e9s del recorrido a pie y la visita a la Casa T\u00edpica, disfrute de un delicioso almuerzo en un restaurante local en Saman\u00e1.<\/p>\n<p>7. Viaje de regreso a Punta Cana:<\/p>\n<p>8.Vuelta a casa: Despu\u00e9s de un d\u00eda lleno de exploraci\u00f3n de la playa, la inmersi\u00f3n cultural, fotos de la ciudad, y un delicioso almuerzo, iniciar el viaje de regreso a Punta Cana.<\/p>\n<p>9.Regreso a \u00faltima hora de la tarde: Regreso c\u00f3modamente a su hotel o al punto de entrega especificado en Punta Cana, concluyendo el 7 Playas Walking Tour + visita a la Casa T\u00edpica con fotos de la ciudad de Saman\u00e1 y un almuerzo satisfactorio.<\/p>","protected":false},"excerpt":{"rendered":"<div data-track=\"overview\" data-v-83a2b402=\"\">\n<section id=\"activity-overview\" class=\"activity-overview\" data-component=\"overview\" data-v-83a2b402=\"\" data-v-f3236c42=\"\">\n<p class=\"activity-overview__content\" data-test-id=\"activity-overview-content\" data-v-f3236c42=\"\">Experimente la belleza de 7 playa walking tour y Casa Tipica. Sum\u00e9rjase en la naturaleza, la cultura y la aventura con nuestras excursiones inolvidables.<\/p>\n<\/section>\n<\/div>\n<div data-track=\"key-details\" data-v-83a2b402=\"\"><\/div>","protected":false},"featured_media":15620,"template":"","meta":[],"product_cat":[100],"product_tag":[102,101],"class_list":{"0":"post-15619","1":"product","2":"type-product","3":"status-publish","4":"has-post-thumbnail","6":"product_cat-dominican-republic","7":"product_tag-excursion","8":"product_tag-tour","10":"first","11":"instock","12":"shipping-taxable","13":"product-type-external"},"_links":{"self":[{"href":"https:\/\/whalemiches.com\/es\/wp-json\/wp\/v2\/product\/15619","targetHints":{"allow":["GET"]}}],"collection":[{"href":"https:\/\/whalemiches.com\/es\/wp-json\/wp\/v2\/product"}],"about":[{"href":"https:\/\/whalemiches.com\/es\/wp-json\/wp\/v2\/types\/product"}],"wp:featuredmedia":[{"embeddable":true,"href":"https:\/\/whalemiches.com\/es\/wp-json\/wp\/v2\/media\/15620"}],"wp:attachment":[{"href":"https:\/\/whalemiches.com\/es\/wp-json\/wp\/v2\/media?parent=15619"}],"wp:term":[{"taxonomy":"product_cat","embeddable":true,"href":"https:\/\/whalemiches.com\/es\/wp-json\/wp\/v2\/product_cat?post=15619"},{"taxonomy":"product_tag","embeddable":true,"href":"https:\/\/whalemiches.com\/es\/wp-json\/wp\/v2\/product_tag?post=15619"}],"curies":[{"name":"wp","href":"https:\/\/api.w.org\/{rel}","templated":true}]}}