{"id":14207,"date":"2024-09-18T13:34:51","date_gmt":"2024-09-18T13:34:51","guid":{"rendered":"https:\/\/whalemiches.com\/?post_type=product&#038;p=14207"},"modified":"2024-09-18T13:35:30","modified_gmt":"2024-09-18T13:35:30","slug":"catalina-island-snorkeling-dominican-republic","status":"publish","type":"product","link":"https:\/\/whalemiches.com\/es\/TOUR\/catalina-island-snorkeling-dominican-republic\/","title":{"rendered":"Catalina Island snorkeling Dominican Republic"},"content":{"rendered":"<p>a full-day of fun in the sun of Catalina Island, and discover the Dominican Republic\u2019s most beautiful underwater eco system.<\/p>\n<p>Saliendo del puerto deportivo sobre las 10:00, ponga rumbo al lado este de la isla Catalina para practicar snorkel en las aguas turquesas de \"The Wall\", que ofrecen unas condiciones de visibilidad inmejorables para avistar la rica vida marina del mar Caribe. Un equipo de aventura estar\u00e1 a su disposici\u00f3n para ayudarle con su equipo de snorkel.<\/p>\n<p>On board the boat, we&#8217;ll enjoy the beautiful views of the Cotubanama National Park, and we&#8217;ll stop at one of its coral reefs to snorkel in its crystal-clear waters. You&#8217;ll be able to spot tropical fish, algae, and lots of other sea wildlife.<\/p>\n<p>A continuaci\u00f3n, ponga rumbo a una playa del lado oeste de la isla para encontrar el lugar perfecto para pasar el resto de la tarde. Un aclamado chef de la isla Catalina se habr\u00e1 ocupado de prepararle un incre\u00edble fest\u00edn dominicano, que le ser\u00e1 servido sobre las 13:00 horas. Disfrute de raciones de cerdo y pollo a la barbacoa, as\u00ed como de abundantes ensaladas, pasta y frutas locales. Los que disfruten del paquete VIP recibir\u00e1n una raci\u00f3n de langosta a la barbacoa, servida con una copa de vino blanco fr\u00edo.<\/p>\n<p>El resto de la tarde es suyo para explorar la isla a su aire. Pasee por las playas de arena blanca o rel\u00e1jese bajo las palmeras, escuchando c\u00f3mo rompen las olas en la orilla. El chiringuito est\u00e1 cuidadosamente situado para que pueda disfrutar de la fresca brisa del oc\u00e9ano, mientras prueba una selecci\u00f3n de refrescantes bebidas alcoh\u00f3licas y no alcoh\u00f3licas.<\/p>","protected":false},"excerpt":{"rendered":"<div data-track=\"overview\" data-v-83a2b402=\"\">\n<section id=\"activity-overview\" class=\"activity-overview\" data-component=\"overview\" data-v-83a2b402=\"\" data-v-f3236c42=\"\">\n<p class=\"activity-overview__content\" data-test-id=\"activity-overview-content\" data-v-f3236c42=\"\">Mesmerizing turquoise seas, warm white sand beaches, and swaying palm trees: welcome to Catalina Island. Discover paradise on this boat trip. Snorkel the most beautiful underwater ecosystems.<\/p>\n<\/section>\n<\/div>\n<div data-track=\"key-details\" data-v-83a2b402=\"\"><\/div>","protected":false},"featured_media":14208,"template":"","meta":[],"product_cat":[100],"product_tag":[102,101],"class_list":{"0":"post-14207","1":"product","2":"type-product","3":"status-publish","4":"has-post-thumbnail","6":"product_cat-dominican-republic","7":"product_tag-excursion","8":"product_tag-tour","10":"first","11":"instock","12":"shipping-taxable","13":"product-type-external"},"_links":{"self":[{"href":"https:\/\/whalemiches.com\/es\/wp-json\/wp\/v2\/product\/14207","targetHints":{"allow":["GET"]}}],"collection":[{"href":"https:\/\/whalemiches.com\/es\/wp-json\/wp\/v2\/product"}],"about":[{"href":"https:\/\/whalemiches.com\/es\/wp-json\/wp\/v2\/types\/product"}],"wp:featuredmedia":[{"embeddable":true,"href":"https:\/\/whalemiches.com\/es\/wp-json\/wp\/v2\/media\/14208"}],"wp:attachment":[{"href":"https:\/\/whalemiches.com\/es\/wp-json\/wp\/v2\/media?parent=14207"}],"wp:term":[{"taxonomy":"product_cat","embeddable":true,"href":"https:\/\/whalemiches.com\/es\/wp-json\/wp\/v2\/product_cat?post=14207"},{"taxonomy":"product_tag","embeddable":true,"href":"https:\/\/whalemiches.com\/es\/wp-json\/wp\/v2\/product_tag?post=14207"}],"curies":[{"name":"wp","href":"https:\/\/api.w.org\/{rel}","templated":true}]}}