{"id":13507,"date":"2024-09-17T08:04:58","date_gmt":"2024-09-17T08:04:58","guid":{"rendered":"https:\/\/whalemiches.com\/?post_type=product&#038;p=13507"},"modified":"2024-09-26T21:25:40","modified_gmt":"2024-09-26T21:25:40","slug":"samana-city-tour-los-haitises-cayo-levantado-island","status":"publish","type":"product","link":"https:\/\/whalemiches.com\/es\/TOUR\/samana-city-tour-los-haitises-cayo-isla-levantado\/","title":{"rendered":"Saman\u00e1: City Tour + Los Haitises e Isla Cayo Levantado"},"content":{"rendered":"<p>We take a Free City Tour to start learnig about Samana History. Travel across stunning tropical waters and enjoy delicious Dominican delicacies on this beautiful tour. Contemplate the historic artworks of the Indigenous Ta\u00edno people found in caves located in the beautiful Los Haitises National Park.<\/p>\n<p>Empiece en el puerto de Saman\u00e1, donde tomar\u00e1 un catamar\u00e1n o un barco para pasar por la bah\u00eda de Saman\u00e1. Llegue al Parque Nacional de Los Haitises y visite las preciosas islas rocosas y conozca las interpretaciones de las pinturas ind\u00edgenas ta\u00ednas en la Cueva de la L\u00ednea.<\/p>\n<p>Tras salir de la antigua cueva, tome un barco por las hermosas aguas para visitar una encantadora playa y la Cueva de la Larena. Termine la visita a la cueva con un brindis y tome el barco de vuelta a Cayo Levantado.<\/p>\n<p>A su regreso, disfrute de un buf\u00e9 tradicional dominicano y rel\u00e1jese en la playa de Cayo Levantado.<\/p>","protected":false},"excerpt":{"rendered":"<div data-track=\"overview\" data-v-83a2b402=\"\">\n<section id=\"activity-overview\" class=\"activity-overview\" data-component=\"overview\" data-v-83a2b402=\"\" data-v-f3236c42=\"\">\n<p class=\"activity-overview__content\" data-test-id=\"activity-overview-content\" data-v-f3236c42=\"\">Enjoy Free City Tour in Samana. Visit the gorgeous rock islands and Indigenous cave paintings found in Los Haitises National Park. We take in the stunning waters, rocks, and flora of the area.<\/p>\n<\/section>\n<\/div>\n<div data-track=\"key-details\" data-v-83a2b402=\"\"><\/div>","protected":false},"featured_media":13508,"template":"","meta":[],"product_cat":[100],"product_tag":[102,101],"class_list":{"0":"post-13507","1":"product","2":"type-product","3":"status-publish","4":"has-post-thumbnail","6":"product_cat-dominican-republic","7":"product_tag-excursion","8":"product_tag-tour","10":"first","11":"instock","12":"shipping-taxable","13":"product-type-external"},"_links":{"self":[{"href":"https:\/\/whalemiches.com\/es\/wp-json\/wp\/v2\/product\/13507","targetHints":{"allow":["GET"]}}],"collection":[{"href":"https:\/\/whalemiches.com\/es\/wp-json\/wp\/v2\/product"}],"about":[{"href":"https:\/\/whalemiches.com\/es\/wp-json\/wp\/v2\/types\/product"}],"wp:featuredmedia":[{"embeddable":true,"href":"https:\/\/whalemiches.com\/es\/wp-json\/wp\/v2\/media\/13508"}],"wp:attachment":[{"href":"https:\/\/whalemiches.com\/es\/wp-json\/wp\/v2\/media?parent=13507"}],"wp:term":[{"taxonomy":"product_cat","embeddable":true,"href":"https:\/\/whalemiches.com\/es\/wp-json\/wp\/v2\/product_cat?post=13507"},{"taxonomy":"product_tag","embeddable":true,"href":"https:\/\/whalemiches.com\/es\/wp-json\/wp\/v2\/product_tag?post=13507"}],"curies":[{"name":"wp","href":"https:\/\/api.w.org\/{rel}","templated":true}]}}