{"id":10276,"date":"2024-09-08T18:10:59","date_gmt":"2024-09-08T18:10:59","guid":{"rendered":"https:\/\/whalemiches.com\/?post_type=product&#038;p=10276"},"modified":"2025-01-08T14:01:10","modified_gmt":"2025-01-08T14:01:10","slug":"samana-los-haitises-national-park-cayo-levantado-island","status":"publish","type":"product","link":"https:\/\/whalemiches.com\/es\/TOUR\/samana-los-haitises-national-park-cayo-levantado-island\/","title":{"rendered":"Saman\u00e1: Parque Nacional Los Haitises e Isla Cayo Levantado"},"content":{"rendered":"<p>Recorra impresionantes aguas tropicales y disfrute de deliciosos manjares dominicanos en esta hermosa excursi\u00f3n. Contempla las hist\u00f3ricas obras de arte del pueblo ind\u00edgena ta\u00edno encontradas en cuevas situadas en el hermoso Parque Nacional de Los Haitises.<\/p>\n<p>Empiece en el puerto de Saman\u00e1, donde tomar\u00e1 un catamar\u00e1n o un barco para pasar por la bah\u00eda de Saman\u00e1. Llegue al Parque Nacional de Los Haitises y visite las preciosas islas rocosas y conozca las interpretaciones de las pinturas ind\u00edgenas ta\u00ednas en la Cueva de la L\u00ednea.<\/p>\n<p>Tras salir de la antigua cueva, tome un barco por las hermosas aguas para visitar una encantadora playa y la Cueva de la Larena. Termine la visita a la cueva con un brindis y tome el barco de vuelta a Cayo Levantado.<\/p>\n<p>A su regreso, disfrute de un buf\u00e9 tradicional dominicano y rel\u00e1jese en la playa de Cayo Levantado.<\/p>","protected":false},"excerpt":{"rendered":"<p>Visite las preciosas islas rocosas y las pinturas rupestres ind\u00edgenas del Parque Nacional de Los Haitises. Disfrute de un aut\u00e9ntico fest\u00edn dominicano mientras contempla las impresionantes aguas, rocas y flora de la zona.<\/p>","protected":false},"featured_media":10278,"template":"","meta":[],"product_cat":[100],"product_tag":[102,101],"class_list":{"0":"post-10276","1":"product","2":"type-product","3":"status-publish","4":"has-post-thumbnail","6":"product_cat-dominican-republic","7":"product_tag-excursion","8":"product_tag-tour","10":"first","11":"instock","12":"shipping-taxable","13":"product-type-external"},"_links":{"self":[{"href":"https:\/\/whalemiches.com\/es\/wp-json\/wp\/v2\/product\/10276","targetHints":{"allow":["GET"]}}],"collection":[{"href":"https:\/\/whalemiches.com\/es\/wp-json\/wp\/v2\/product"}],"about":[{"href":"https:\/\/whalemiches.com\/es\/wp-json\/wp\/v2\/types\/product"}],"wp:featuredmedia":[{"embeddable":true,"href":"https:\/\/whalemiches.com\/es\/wp-json\/wp\/v2\/media\/10278"}],"wp:attachment":[{"href":"https:\/\/whalemiches.com\/es\/wp-json\/wp\/v2\/media?parent=10276"}],"wp:term":[{"taxonomy":"product_cat","embeddable":true,"href":"https:\/\/whalemiches.com\/es\/wp-json\/wp\/v2\/product_cat?post=10276"},{"taxonomy":"product_tag","embeddable":true,"href":"https:\/\/whalemiches.com\/es\/wp-json\/wp\/v2\/product_tag?post=10276"}],"curies":[{"name":"wp","href":"https:\/\/api.w.org\/{rel}","templated":true}]}}