{"id":18192,"date":"2024-09-25T00:34:10","date_gmt":"2024-09-25T00:34:10","guid":{"rendered":"https:\/\/whalemiches.com\/?post_type=product&#038;p=18192"},"modified":"2025-04-13T12:35:36","modified_gmt":"2025-04-13T12:35:36","slug":"punta-cana-amazing-saona-island-clasica-full-day","status":"publish","type":"product","link":"https:\/\/whalemiches.com\/de\/TOUR\/ab-la-romana-saona-insel-fur-karnevalskreuzfahrten-passagiere-2\/","title":{"rendered":"Punta Cana: Amazing Saona Island Clasica Ganzt\u00e4gig"},"content":{"rendered":"<h3>Punta Cana: Amazing Saona Island Clasica Ganzt\u00e4gig<\/h3>\n<p>Venture a few kilometers off the coast of La Romana to spend a day on the tropical island of Saona. Relax on the beach with a cocktail, stroll through the idyllic nature reserve, and plunge into the warm waters to enjoy snorkeling and swimming.<\/p>\n<p>Depart La Romana by catamaran on this 12-hour tour and spend a relaxing day on a tropical island. Relax on the beach of Isla Saona, explore the nature reserve, and enjoy snorkeling in the crystal-clear waters.<\/p>\n<p>Set sail for the short trip to Saona Island. Stop at a natural ocean pool for a quick swim along the way, and then enjoy a buffet lunch after arriving on the island, complete with a selection of local drinks and beer.<\/p>\n<p>After lunch, explore the protected nature reserve, known for its desert island feel, or find a spot near the water to relax on a lounger. Natural shoals offshore create the perfect environment for exploring waist-deep ocean waters, and you can grab a snorkel and mask to watch fields of starfish.<\/p>\n<div class=\"toggle-content__content toggle-content__content--expanded toggle-content__content--packable\" data-v-59485d64=\"\">\n<div data-test-id=\"activity-full-description-text\" data-v-5835c99c=\"\">At the end of your time on the island, board the catamaran for the trip back to the mainland, where a waiting bus will take you back to your Punta Cana hotel.<\/div>\n<\/div>\n<div class=\"toggle-content__label-placeholder\" data-v-59485d64=\"\"><\/div>","protected":false},"excerpt":{"rendered":"<div data-track=\"overview\" data-v-83a2b402=\"\">\n<section id=\"activity-overview\" class=\"activity-overview\" data-component=\"overview\" data-v-83a2b402=\"\" data-v-f3236c42=\"\">\n<p class=\"activity-overview__content\" data-test-id=\"activity-overview-content\" data-v-f3236c42=\"\">Ein paar Meilen vor der K\u00fcste von La Romana k\u00f6nnen Sie einen Tag auf der tropischen Insel Saona verbringen. Entspannen Sie sich am Strand, w\u00e4hrend Sie einen Cocktail schl\u00fcrfen, streifen Sie durch das idyllische Naturschutzgebiet und tauchen Sie in das warme Wasser ein, um zu schnorcheln und zu schwimmen.<\/p>\n<\/section>\n<\/div>\n<div data-track=\"key-details\" data-v-83a2b402=\"\"><\/div>","protected":false},"featured_media":18193,"template":"","meta":[],"product_cat":[100,233],"product_tag":[102,101],"class_list":{"0":"post-18192","1":"product","2":"type-product","3":"status-publish","4":"has-post-thumbnail","6":"product_cat-dominican-republic","7":"product_cat-saona-island","8":"product_tag-excursion","9":"product_tag-tour","11":"first","12":"instock","13":"sale","14":"shipping-taxable","15":"product-type-external"},"_links":{"self":[{"href":"https:\/\/whalemiches.com\/de\/wp-json\/wp\/v2\/product\/18192","targetHints":{"allow":["GET"]}}],"collection":[{"href":"https:\/\/whalemiches.com\/de\/wp-json\/wp\/v2\/product"}],"about":[{"href":"https:\/\/whalemiches.com\/de\/wp-json\/wp\/v2\/types\/product"}],"wp:featuredmedia":[{"embeddable":true,"href":"https:\/\/whalemiches.com\/de\/wp-json\/wp\/v2\/media\/18193"}],"wp:attachment":[{"href":"https:\/\/whalemiches.com\/de\/wp-json\/wp\/v2\/media?parent=18192"}],"wp:term":[{"taxonomy":"product_cat","embeddable":true,"href":"https:\/\/whalemiches.com\/de\/wp-json\/wp\/v2\/product_cat?post=18192"},{"taxonomy":"product_tag","embeddable":true,"href":"https:\/\/whalemiches.com\/de\/wp-json\/wp\/v2\/product_tag?post=18192"}],"curies":[{"name":"wp","href":"https:\/\/api.w.org\/{rel}","templated":true}]}}