{"id":12902,"date":"2024-09-16T13:02:11","date_gmt":"2024-09-16T13:02:11","guid":{"rendered":"https:\/\/whalemiches.com\/?post_type=product&#038;p=12902"},"modified":"2024-09-16T13:02:50","modified_gmt":"2024-09-16T13:02:50","slug":"el-limon-ziplining-adventure","status":"publish","type":"product","link":"https:\/\/whalemiches.com\/de\/TOUR\/el-limon-ziplining-abenteuer-2\/","title":{"rendered":"El Lim\u00f3n: Ziplining-Abenteuer"},"content":{"rendered":"<p>Sobald Sie das \u00fcppig bewachsene Juana Vicente-Gebiet erreicht haben, orientieren Sie sich und legen Sie Helm und Klettergurt an. Gehen Sie den Dschungelpfad entlang bis zur ersten von 20 Plattformen, zwischen denen sich 10 Seile befinden. Klettern Sie auf die erste Plattform und genie\u00dfen Sie die Aussicht auf die Halbinsel Samana in alle Richtungen. Springen und fliegen Sie durch das Netzwerk von Seilen, von denen einige 450 Meter lang sind. Nach Ihrem Abenteuer kehren Sie zu Ihrem Hotel zur\u00fcck, um sich abzusetzen.<\/p>\n<div class=\"toggle-content__content toggle-content__content--expanded toggle-content__content--packable\" data-v-59485d64=\"\">\n<div data-test-id=\"activity-full-description-text\" data-v-5835c99c=\"\">Seilen Sie sich bei diesem 4-st\u00fcndigen Seilrutschen-Abenteuer in Lim\u00f3n von Saman\u00e1 aus durch die Baumkronen. Genie\u00dfen Sie die Aussicht auf die Region Juana Vicenta, den Haitises-Nationalpark und Cayo Levantado. Die gesamte Ausr\u00fcstung ist inbegriffen.<\/div>\n<\/div>\n<div class=\"toggle-content__label-placeholder\" data-v-59485d64=\"\"><\/div>","protected":false},"excerpt":{"rendered":"<div data-track=\"overview\" data-v-83a2b402=\"\">\n<section id=\"activity-overview\" class=\"activity-overview\" data-component=\"overview\" data-v-83a2b402=\"\" data-v-f3236c42=\"\">\n<p class=\"activity-overview__content\" data-test-id=\"activity-overview-content\" data-v-f3236c42=\"\">Seilen Sie sich bei diesem 4-st\u00fcndigen Seilrutschen-Abenteuer in Limon von Samana aus durch die Baumkronen. Genie\u00dfen Sie die Aussicht auf die Region Juana Vicenta, den Haitises-Nationalpark und Cayo Levantado. Die gesamte Ausr\u00fcstung ist inbegriffen.<\/p>\n<\/section>\n<\/div>\n<div data-track=\"key-details\" data-v-83a2b402=\"\"><\/div>","protected":false},"featured_media":12903,"template":"","meta":[],"product_cat":[100],"product_tag":[102,101],"class_list":{"0":"post-12902","1":"product","2":"type-product","3":"status-publish","4":"has-post-thumbnail","6":"product_cat-dominican-republic","7":"product_tag-excursion","8":"product_tag-tour","10":"first","11":"instock","12":"shipping-taxable","13":"product-type-external"},"_links":{"self":[{"href":"https:\/\/whalemiches.com\/de\/wp-json\/wp\/v2\/product\/12902","targetHints":{"allow":["GET"]}}],"collection":[{"href":"https:\/\/whalemiches.com\/de\/wp-json\/wp\/v2\/product"}],"about":[{"href":"https:\/\/whalemiches.com\/de\/wp-json\/wp\/v2\/types\/product"}],"wp:featuredmedia":[{"embeddable":true,"href":"https:\/\/whalemiches.com\/de\/wp-json\/wp\/v2\/media\/12903"}],"wp:attachment":[{"href":"https:\/\/whalemiches.com\/de\/wp-json\/wp\/v2\/media?parent=12902"}],"wp:term":[{"taxonomy":"product_cat","embeddable":true,"href":"https:\/\/whalemiches.com\/de\/wp-json\/wp\/v2\/product_cat?post=12902"},{"taxonomy":"product_tag","embeddable":true,"href":"https:\/\/whalemiches.com\/de\/wp-json\/wp\/v2\/product_tag?post=12902"}],"curies":[{"name":"wp","href":"https:\/\/api.w.org\/{rel}","templated":true}]}}