{"id":12316,"date":"2020-09-13T15:34:14","date_gmt":"2020-09-13T15:34:14","guid":{"rendered":"https:\/\/whalemiches.com\/?post_type=product&#038;p=12316"},"modified":"2024-10-07T20:32:16","modified_gmt":"2024-10-07T20:32:16","slug":"boat-tour-buffet-lunch-drinks","status":"publish","type":"product","link":"https:\/\/whalemiches.com\/de\/TOUR\/bootstour-buffet-mittagessen-getranke\/","title":{"rendered":"Insel Saona: Ganzt\u00e4gige Bootstour mit Mittagsbuffet und Getr\u00e4nken"},"content":{"rendered":"<div class=\"woocommerce-product-details__short-description\">\n<div data-track=\"overview\" data-v-83a2b402=\"\">\n<section id=\"activity-overview\" class=\"activity-overview\" data-component=\"overview\" data-v-83a2b402=\"\" data-v-f3236c42=\"\">\n<p data-test-id=\"activity-overview-content\" data-v-f3236c42=\"\">Insel Saona: Ganzt\u00e4gige Bootstour mit Mittagsbuffet und Getr\u00e4nken<\/p>\n<p class=\"activity-overview__content\" data-test-id=\"activity-overview-content\" data-v-f3236c42=\"\">Erleben Sie auf dieser ganzt\u00e4gigen Bootstour die wundersch\u00f6nen K\u00fcsten der Karibik. Genie\u00dfen Sie die \u00fcppigen Str\u00e4nde der Insel Saona. Profitieren Sie von einem All-inclusive-Programm mit einem Mittagsbuffet, lokalen Getr\u00e4nken und einer Vielzahl von Aktivit\u00e4ten.<\/p>\n<\/section>\n<\/div>\n<\/div>\n<p>Klettern Sie an Bord und sp\u00fcren Sie die Brise, wenn Sie bei diesem ganzt\u00e4gigen Inselausflug mit dem Schnellboot das Karibische Meer \u00fcberqueren. Fahren Sie zur wundersch\u00f6nen Insel Saona und schwimmen Sie in einem nat\u00fcrlichen Pool und einer Sandbank mitten im Meer. Beginnen Sie Ihre Tour im Nationalpark Cotubanam\u00e1. Fahren Sie nach Palmilla, einem nat\u00fcrlichen Schwimmbad, und genie\u00dfen Sie Drinks, w\u00e4hrend Sie im t\u00fcrkisfarbenen Wasser herumtollen. Interagieren Sie mit Seesternen und anderen Meeresbewohnern.<\/p>\n<p>Danach haben Sie drei Stunden Freizeit im Beach Club der Insel: Sie k\u00f6nnen am Strand faulenzen, schwimmen gehen oder Beachvolleyball spielen. Genie\u00dfen Sie ein Mittagsbuffet, bevor es mit einer Katamaranfahrt auf dem ruhigen Wasser weitergeht.<\/p>\n<p>Erkunden Sie die atemberaubenden Str\u00e4nde der Insel Saona bei einer All-inclusive-Bootstour mit Mittagsbuffet und erfrischenden lokalen Getr\u00e4nken.<\/p>","protected":false},"excerpt":{"rendered":"<div data-track=\"overview\" data-v-83a2b402=\"\">\n<section id=\"activity-overview\" class=\"activity-overview\" data-component=\"overview\" data-v-83a2b402=\"\" data-v-f3236c42=\"\">\n<p class=\"activity-overview__content\" data-test-id=\"activity-overview-content\" data-v-f3236c42=\"\">Erleben Sie die wundersch\u00f6nen K\u00fcsten der Karibik auf dieser ganzt\u00e4gigen Bootstour. Genie\u00dfen Sie die \u00fcppigen Str\u00e4nde der Insel Saona. Profitieren Sie von einem All-inclusive-Programm mit einem Mittagsbuffet, lokalen Getr\u00e4nken und einer Vielzahl von Aktivit\u00e4ten.<\/p>\n<\/section>\n<\/div>\n<div data-track=\"key-details\" data-v-83a2b402=\"\"><\/div>","protected":false},"featured_media":12317,"template":"","meta":[],"product_cat":[100],"product_tag":[102,101],"class_list":{"0":"post-12316","1":"product","2":"type-product","3":"status-publish","4":"has-post-thumbnail","6":"product_cat-dominican-republic","7":"product_tag-excursion","8":"product_tag-tour","10":"first","11":"instock","12":"sale","13":"shipping-taxable","14":"product-type-external"},"_links":{"self":[{"href":"https:\/\/whalemiches.com\/de\/wp-json\/wp\/v2\/product\/12316","targetHints":{"allow":["GET"]}}],"collection":[{"href":"https:\/\/whalemiches.com\/de\/wp-json\/wp\/v2\/product"}],"about":[{"href":"https:\/\/whalemiches.com\/de\/wp-json\/wp\/v2\/types\/product"}],"wp:featuredmedia":[{"embeddable":true,"href":"https:\/\/whalemiches.com\/de\/wp-json\/wp\/v2\/media\/12317"}],"wp:attachment":[{"href":"https:\/\/whalemiches.com\/de\/wp-json\/wp\/v2\/media?parent=12316"}],"wp:term":[{"taxonomy":"product_cat","embeddable":true,"href":"https:\/\/whalemiches.com\/de\/wp-json\/wp\/v2\/product_cat?post=12316"},{"taxonomy":"product_tag","embeddable":true,"href":"https:\/\/whalemiches.com\/de\/wp-json\/wp\/v2\/product_tag?post=12316"}],"curies":[{"name":"wp","href":"https:\/\/api.w.org\/{rel}","templated":true}]}}