{"id":12001,"date":"2020-09-13T07:13:47","date_gmt":"2020-09-13T07:13:47","guid":{"rendered":"https:\/\/whalemiches.com\/?post_type=product&#038;p=12001"},"modified":"2024-10-07T19:55:07","modified_gmt":"2024-10-07T19:55:07","slug":"half-day-monkeyland-safari","status":"publish","type":"product","link":"https:\/\/whalemiches.com\/de\/TOUR\/halbtags-safari-im-affenland\/","title":{"rendered":"Von Bayahibe: Halbt\u00e4gige Affenland-Safari"},"content":{"rendered":"<p>Von Bayahibe: Halbt\u00e4gige Affenland-Safari<\/p>\n<p>After being picked up from your accommodation in Bayahibe, set off on your safari adventure. Begin the tour with a visit to a typical country house where you can mingle with Dominicans and learn how to live off the land and their organic products. There, have the opportunity to try roasted coffee and cocoa. Then, head over to the beautiful botanical garden, where you will learn about the native plants and flowers of the island.<\/p>\n<p>For the next 45 minutes, enjoy a guided tour that allows you to interact with the beautiful and friendly squirrel monkeys at Monkeyland. These charming and intelligent monkeys have been looked after by a Canadian couple with 35 years of experience working with animals, including 12 years at the Toronto Zoo teaching monkeys to trust and enjoy the company of humans.<\/p>\n<p>During the tour, explore 5 acres of a beautiful piece of land that the monkeys have made their home. The monkeys are completely accustomed to human contact. They come down from the trees to sit on your shoulders and eat from your hands. Beware monkeys love all things bright and interesting! Little monkeys love to pose for the cameras and probably will sit, and if allowed, see themselves in your camera. Adorable! Come share an unforgettable experience!<\/p>","protected":false},"excerpt":{"rendered":"<div data-track=\"overview\" data-v-83a2b402=\"\">\n<section id=\"activity-overview\" class=\"activity-overview\" data-component=\"overview\" data-v-83a2b402=\"\" data-v-f3236c42=\"\">\n<p class=\"activity-overview__content\" data-test-id=\"activity-overview-content\" data-v-f3236c42=\"\">In einem von einem kanadischen Ehepaar betriebenen Zentrum haben Sie die einmalige Gelegenheit, mit einer Familie von Totenkopf\u00e4ffchen in Kontakt zu treten. Lassen Sie die Affen direkt aus einer Obstschale in Ihren H\u00e4nden essen und f\u00fcr Fotos posieren. Erkunden Sie die Gehege und botanischen G\u00e4rten.<\/p>\n<\/section>\n<\/div>\n<div data-track=\"key-details\" data-v-83a2b402=\"\"><\/div>","protected":false},"featured_media":12009,"template":"","meta":[],"product_cat":[100],"product_tag":[102,101],"class_list":{"0":"post-12001","1":"product","2":"type-product","3":"status-publish","4":"has-post-thumbnail","6":"product_cat-dominican-republic","7":"product_tag-excursion","8":"product_tag-tour","10":"first","11":"instock","12":"sale","13":"shipping-taxable","14":"product-type-external"},"_links":{"self":[{"href":"https:\/\/whalemiches.com\/de\/wp-json\/wp\/v2\/product\/12001","targetHints":{"allow":["GET"]}}],"collection":[{"href":"https:\/\/whalemiches.com\/de\/wp-json\/wp\/v2\/product"}],"about":[{"href":"https:\/\/whalemiches.com\/de\/wp-json\/wp\/v2\/types\/product"}],"wp:featuredmedia":[{"embeddable":true,"href":"https:\/\/whalemiches.com\/de\/wp-json\/wp\/v2\/media\/12009"}],"wp:attachment":[{"href":"https:\/\/whalemiches.com\/de\/wp-json\/wp\/v2\/media?parent=12001"}],"wp:term":[{"taxonomy":"product_cat","embeddable":true,"href":"https:\/\/whalemiches.com\/de\/wp-json\/wp\/v2\/product_cat?post=12001"},{"taxonomy":"product_tag","embeddable":true,"href":"https:\/\/whalemiches.com\/de\/wp-json\/wp\/v2\/product_tag?post=12001"}],"curies":[{"name":"wp","href":"https:\/\/api.w.org\/{rel}","templated":true}]}}