{"id":12813,"date":"2024-09-16T09:29:34","date_gmt":"2024-09-16T09:29:34","guid":{"rendered":"https:\/\/whalemiches.com\/?post_type=product&#038;p=12813"},"modified":"2024-12-28T09:27:54","modified_gmt":"2024-12-28T09:27:54","slug":"from-punta-cana-samana-cayo-levantado-whales","status":"publish","type":"product","link":"https:\/\/whalemiches.com\/da\/TOUR\/from-punta-cana-samana-cayo-levantado-whales\/","title":{"rendered":"Fra Punta Cana: Samana Cayo Levantado \/ Hvaler"},"content":{"rendered":"<p>Embark on a tour of Samana Island complete with SUV transport and pickup from your hotel. Enjoy an action-packed day as you visit Santa B\u00e1rbara de Saman\u00e1, Hacienda, the El Lim\u00f3n waterfall, and much more.<\/p>\n<p>Start your day between 6:00 AM and 6:30 AM with a convenient pickup service from your Punta Cana hotel and head to Saman\u00e1.<\/p>\n<p>Upon arrival, hop into an SUV that will take you on a panoramic tour of the town of Santa B\u00e1rbara de Saman\u00e1. Spot the charming colored houses of this town and the tropical landscapes that surround it en route.<\/p>\n<p>Continue your journey and travel to hacienda. Walk until you reach the El Lim\u00f3n waterfall. If you prefer, you can also do this journey on horseback. Once there, you can bathe in the pool of turquoise waters that forms under the waterfall.<\/p>\n<p>Return from the waterfall and visit the center of Saman\u00e1. Recharge your batteries with a delicious buffet lunch that will include fresh fish, beans, rice, and other traditional foods.<\/p>\n<p>Get on a catamaran to reach Cayo Levantado. This idyllic setting will be the perfect place to enjoy a pi\u00f1a colada.<\/p>\n<p>End your day of adventure and return to the coast on a minibus. Set-off towards Punta Cana and arrive at your hotel between 7:00 PM and 7:30 PM.<\/p>","protected":false},"excerpt":{"rendered":"<div data-track=\"overview\" data-v-83a2b402=\"\">\n<section id=\"activity-overview\" class=\"activity-overview\" data-component=\"overview\" data-v-83a2b402=\"\" data-v-f3236c42=\"\">\n<p class=\"activity-overview__content\" data-test-id=\"activity-overview-content\" data-v-f3236c42=\"\">Explore a paradisiacal location full of palm trees and crystal clear waters with this etour to Saman\u00e1 from Punta Cana. Visit Santa B\u00e1rbara de Saman\u00e1, swim at El Lim\u00f3n waterfall, and enjoy a delicious lunch in one day.<\/p>\n<\/section>\n<\/div>\n<div data-track=\"key-details\" data-v-83a2b402=\"\"><\/div>","protected":false},"featured_media":12814,"template":"","meta":[],"product_cat":[100],"product_tag":[102,101],"class_list":{"0":"post-12813","1":"product","2":"type-product","3":"status-publish","4":"has-post-thumbnail","6":"product_cat-dominican-republic","7":"product_tag-excursion","8":"product_tag-tour","10":"first","11":"instock","12":"shipping-taxable","13":"product-type-external"},"_links":{"self":[{"href":"https:\/\/whalemiches.com\/da\/wp-json\/wp\/v2\/product\/12813","targetHints":{"allow":["GET"]}}],"collection":[{"href":"https:\/\/whalemiches.com\/da\/wp-json\/wp\/v2\/product"}],"about":[{"href":"https:\/\/whalemiches.com\/da\/wp-json\/wp\/v2\/types\/product"}],"wp:featuredmedia":[{"embeddable":true,"href":"https:\/\/whalemiches.com\/da\/wp-json\/wp\/v2\/media\/12814"}],"wp:attachment":[{"href":"https:\/\/whalemiches.com\/da\/wp-json\/wp\/v2\/media?parent=12813"}],"wp:term":[{"taxonomy":"product_cat","embeddable":true,"href":"https:\/\/whalemiches.com\/da\/wp-json\/wp\/v2\/product_cat?post=12813"},{"taxonomy":"product_tag","embeddable":true,"href":"https:\/\/whalemiches.com\/da\/wp-json\/wp\/v2\/product_tag?post=12813"}],"curies":[{"name":"wp","href":"https:\/\/api.w.org\/{rel}","templated":true}]}}