{"id":19738,"date":"2024-09-27T09:57:38","date_gmt":"2024-09-27T09:57:38","guid":{"rendered":"https:\/\/whalemiches.com\/?post_type=product&#038;p=19738"},"modified":"2024-09-27T09:58:04","modified_gmt":"2024-09-27T09:58:04","slug":"wild-off-road-dune-buggy-adventure-in-punta-cana","status":"publish","type":"product","link":"https:\/\/whalemiches.com\/cs\/TOUR\/divoke-off-road-dobrodruzstvi-v-dune-buggy-v-punta-cana\/","title":{"rendered":"Divok\u00e9 dobrodru\u017estv\u00ed v ter\u00e9nn\u00edch dunov\u00fdch bugin\u00e1ch v Punta Can\u011b"},"content":{"rendered":"<p>Looking for the ultimate outdoor activity with your friends and family while in the Punta Cana? Get away from the traditional Resort\/Beach and discover the Punta Cana countryside with our unique off-road Dune Buggy experience.<\/p>\n<p>Hop on your buggy for a wild and fun 4-hour adventure through the beautiful tropical landscapes of Punta Cana.<\/p>\n<p>In this guided excursion, we\u2019ll make 3 stops:<\/p>\n<p>1. We\u2019ll visit the majestic Playa Macao to enjoy the beautiful beach and the sun to create unforgettable memories.<\/p>\n<p>2. Then we\u2019ll stop and visit an organic farm to taste local Dominican coffee, chocolate &amp; Mamajuana<\/p>\n<p>3. Our last stop of the excursion will be at the amazing cenote (underground cave water) where you\u2019ll be able to swim in its crystal clear waters.<\/p>\n<p>We offer roundtrip transportation from and to hotels in the Bavaro\/Punta Cana area.<\/p>\n<p>Morning and afternoon departures available. Book your adventure today!<\/p>","protected":false},"excerpt":{"rendered":"<div data-track=\"overview\" data-v-83a2b402=\"\">\n<section id=\"activity-overview\" class=\"activity-overview\" data-component=\"overview\" data-v-83a2b402=\"\" data-v-f3236c42=\"\">\n<p class=\"activity-overview__content\" data-test-id=\"activity-overview-content\" data-v-f3236c42=\"\">Escape the resort and explore the countryside with an off-road buggy experience. Make 3 stops, including Playa Macao, an organic farm for coffee, chocolate &amp; mamajuana tasting &amp; a stunning cenote.<\/p>\n<\/section>\n<\/div>\n<div data-track=\"key-details\" data-v-83a2b402=\"\"><\/div>","protected":false},"featured_media":19739,"template":"","meta":[],"product_cat":[100],"product_tag":[102,101],"class_list":{"0":"post-19738","1":"product","2":"type-product","3":"status-publish","4":"has-post-thumbnail","6":"product_cat-dominican-republic","7":"product_tag-excursion","8":"product_tag-tour","10":"first","11":"instock","12":"shipping-taxable","13":"product-type-external"},"_links":{"self":[{"href":"https:\/\/whalemiches.com\/cs\/wp-json\/wp\/v2\/product\/19738","targetHints":{"allow":["GET"]}}],"collection":[{"href":"https:\/\/whalemiches.com\/cs\/wp-json\/wp\/v2\/product"}],"about":[{"href":"https:\/\/whalemiches.com\/cs\/wp-json\/wp\/v2\/types\/product"}],"wp:featuredmedia":[{"embeddable":true,"href":"https:\/\/whalemiches.com\/cs\/wp-json\/wp\/v2\/media\/19739"}],"wp:attachment":[{"href":"https:\/\/whalemiches.com\/cs\/wp-json\/wp\/v2\/media?parent=19738"}],"wp:term":[{"taxonomy":"product_cat","embeddable":true,"href":"https:\/\/whalemiches.com\/cs\/wp-json\/wp\/v2\/product_cat?post=19738"},{"taxonomy":"product_tag","embeddable":true,"href":"https:\/\/whalemiches.com\/cs\/wp-json\/wp\/v2\/product_tag?post=19738"}],"curies":[{"name":"wp","href":"https:\/\/api.w.org\/{rel}","templated":true}]}}