{"id":19552,"date":"2024-09-27T00:07:07","date_gmt":"2024-09-27T00:07:07","guid":{"rendered":"https:\/\/whalemiches.com\/?post_type=product&#038;p=19552"},"modified":"2024-09-29T16:01:48","modified_gmt":"2024-09-29T16:01:48","slug":"punta-cana-airport-private-transfers-to-hotels","status":"publish","type":"product","link":"https:\/\/whalemiches.com\/cs\/TOUR\/soukrome-transfery-z-letiste-punta-cana-do-hotelu\/","title":{"rendered":"Soukrom\u00e9 transfery z leti\u0161t\u011b Punta Cana do hotel\u016f"},"content":{"rendered":"<p>Pay the extra and avoid the lines, that is my recommendation.&#8217; &#8211; Peter. Skip the lines at the world&#8217;s most popular attractions when you book tickets in advance. Top-rated things to do. Easy online booking. Thousands of destinations. Over 60,000 activities.<\/p>\n<p>Save Money &amp; Enjoy On-Time Pick Up! Book Dominican Airport Shuttles on Punta Cana Transport. Quick &#8230;<\/p>\n<p>Reliable Services at Great Price. Fully Licensed &amp; Insured Taxis. Book Today!<\/p>\n<div class=\"toggle-content__content toggle-content__content--expanded toggle-content__content--packable\" data-v-59485d64=\"\">\n<div data-test-id=\"activity-full-description-text\" data-v-5835c99c=\"\">Reach any place in the Dominican Republic using the best On-Demand shuttle service and Dominican Airport Transfers services: Online Booking instant &#8230;<\/div>\n<\/div>\n<div class=\"toggle-content__label-placeholder\" data-v-59485d64=\"\"><\/div>","protected":false},"excerpt":{"rendered":"<div data-track=\"overview\" data-v-83a2b402=\"\">\n<section id=\"activity-overview\" class=\"activity-overview\" data-component=\"overview\" data-v-83a2b402=\"\" data-v-f3236c42=\"\">\n<p class=\"activity-overview__content\" data-test-id=\"activity-overview-content\" data-v-f3236c42=\"\">Punta Cana Transport is a transportation company transfers from the Punta Cana International Airport to hotels in the Punta Cana. Dominican Airport.<\/p>\n<\/section>\n<\/div>\n<div data-track=\"key-details\" data-v-83a2b402=\"\"><\/div>","protected":false},"featured_media":19553,"template":"","meta":[],"product_cat":[100],"product_tag":[102,101],"class_list":{"0":"post-19552","1":"product","2":"type-product","3":"status-publish","4":"has-post-thumbnail","6":"product_cat-dominican-republic","7":"product_tag-excursion","8":"product_tag-tour","10":"first","11":"instock","12":"shipping-taxable","13":"product-type-external"},"_links":{"self":[{"href":"https:\/\/whalemiches.com\/cs\/wp-json\/wp\/v2\/product\/19552","targetHints":{"allow":["GET"]}}],"collection":[{"href":"https:\/\/whalemiches.com\/cs\/wp-json\/wp\/v2\/product"}],"about":[{"href":"https:\/\/whalemiches.com\/cs\/wp-json\/wp\/v2\/types\/product"}],"wp:featuredmedia":[{"embeddable":true,"href":"https:\/\/whalemiches.com\/cs\/wp-json\/wp\/v2\/media\/19553"}],"wp:attachment":[{"href":"https:\/\/whalemiches.com\/cs\/wp-json\/wp\/v2\/media?parent=19552"}],"wp:term":[{"taxonomy":"product_cat","embeddable":true,"href":"https:\/\/whalemiches.com\/cs\/wp-json\/wp\/v2\/product_cat?post=19552"},{"taxonomy":"product_tag","embeddable":true,"href":"https:\/\/whalemiches.com\/cs\/wp-json\/wp\/v2\/product_tag?post=19552"}],"curies":[{"name":"wp","href":"https:\/\/api.w.org\/{rel}","templated":true}]}}