{"id":19022,"date":"2024-09-26T12:17:46","date_gmt":"2024-09-26T12:17:46","guid":{"rendered":"https:\/\/whalemiches.com\/?post_type=product&#038;p=19022"},"modified":"2024-09-29T15:23:09","modified_gmt":"2024-09-29T15:23:09","slug":"catamaran-day-trip-snorkeling-sailing-excursion-shared","status":"publish","type":"product","link":"https:\/\/whalemiches.com\/cs\/TOUR\/celodenni-vylet-katamaranem-sdilena-plavba-se-snorchlovanim\/","title":{"rendered":"Celodenn\u00ed v\u00fdlet katamar\u00e1nem, \u0161norchlov\u00e1n\u00ed a placht\u011bn\u00ed (sd\u00edlen\u00fd)"},"content":{"rendered":"<p>Book an all-inclusive day out on the water, sailing aboard the &#8220;Tip Tip&#8221; catamaran from Sosua. The captain navigates to two different snorkeling spots, with snorkel gear provided. Sip unlimited drinks from the open bar and enjoy a buffet lunch on board. This Half &#8211; day excursion even includes hotel pickup and drop-off, making it hassle-free. Half-day or full-day catamaran cruise from Sosua Beach, All-inclusive tour provides buffet lunch, open bar, and snorkel gear Stop at two snorkeling spots and enjoy a playful atmosphere on the water Hassle-free pickup from your centrally located hotel or cruise ship.<\/p>","protected":false},"excerpt":{"rendered":"<div data-track=\"overview\" data-v-83a2b402=\"\">\n<section id=\"activity-overview\" class=\"activity-overview\" data-component=\"overview\" data-v-83a2b402=\"\" data-v-f3236c42=\"\">\n<p class=\"activity-overview__content\" data-test-id=\"activity-overview-content\" data-v-f3236c42=\"\">Book an all-inclusive day out on the water, sailing aboard the &#8220;Tip Tip&#8221; catamaran from Sosua. The captain navigates to two different snorkeling spots, with snorkel gear provided.<\/p>\n<\/section>\n<\/div>\n<div data-track=\"key-details\" data-v-83a2b402=\"\"><\/div>","protected":false},"featured_media":19024,"template":"","meta":[],"product_cat":[100],"product_tag":[102,101],"class_list":{"0":"post-19022","1":"product","2":"type-product","3":"status-publish","4":"has-post-thumbnail","6":"product_cat-dominican-republic","7":"product_tag-excursion","8":"product_tag-tour","10":"first","11":"instock","12":"sale","13":"shipping-taxable","14":"product-type-external"},"_links":{"self":[{"href":"https:\/\/whalemiches.com\/cs\/wp-json\/wp\/v2\/product\/19022","targetHints":{"allow":["GET"]}}],"collection":[{"href":"https:\/\/whalemiches.com\/cs\/wp-json\/wp\/v2\/product"}],"about":[{"href":"https:\/\/whalemiches.com\/cs\/wp-json\/wp\/v2\/types\/product"}],"wp:featuredmedia":[{"embeddable":true,"href":"https:\/\/whalemiches.com\/cs\/wp-json\/wp\/v2\/media\/19024"}],"wp:attachment":[{"href":"https:\/\/whalemiches.com\/cs\/wp-json\/wp\/v2\/media?parent=19022"}],"wp:term":[{"taxonomy":"product_cat","embeddable":true,"href":"https:\/\/whalemiches.com\/cs\/wp-json\/wp\/v2\/product_cat?post=19022"},{"taxonomy":"product_tag","embeddable":true,"href":"https:\/\/whalemiches.com\/cs\/wp-json\/wp\/v2\/product_tag?post=19022"}],"curies":[{"name":"wp","href":"https:\/\/api.w.org\/{rel}","templated":true}]}}