{"id":18329,"date":"2024-09-25T08:53:43","date_gmt":"2024-09-25T08:53:43","guid":{"rendered":"https:\/\/whalemiches.com\/?post_type=product&#038;p=18329"},"modified":"2024-09-28T23:00:19","modified_gmt":"2024-09-28T23:00:19","slug":"private-catamaran-boat-cruise","status":"publish","type":"product","link":"https:\/\/whalemiches.com\/cs\/TOUR\/soukroma-plavba-katamaranem\/","title":{"rendered":"Soukrom\u00e1 plavba katamar\u00e1nem"},"content":{"rendered":"<p>B\u011bhem t\u00e9to soukrom\u00e9 prohl\u00eddky se nalod\u00edte na n\u00e1\u0161 n\u00e1dhern\u00fd katamar\u00e1n s kapacitou a\u017e 50 osob. Na lodi je k dispozici otev\u0159en\u00fd bar s rumem, pivem, d\u017eusem a nealkoholick\u00fdmi n\u00e1poji (pr\u00e9miov\u00e9 lik\u00e9ry jsou k dispozici na vy\u017e\u00e1d\u00e1n\u00ed) a tak\u00e9 ovoce a nachos k ob\u010derstven\u00ed. V r\u00e1mci prohl\u00eddky s pr\u016fvodcem budete m\u00edt mo\u017enost \u0161norchlovat a prohl\u00e9dnout si n\u011bkter\u00e9 z m\u00edstn\u00edch tropick\u00fdch ryb. Pot\u00e9 se vyd\u00e1te na plavbu pod\u00e9l dominik\u00e1nsk\u00e9ho pob\u0159e\u017e\u00ed, dokud nedoraz\u00edme k p\u0159\u00edrodn\u00edmu baz\u00e9nu, p\u00edse\u010dn\u00e9mu pruhu s m\u011blkou vodou, kter\u00fd m\u016f\u017eete prozkoumat nebo si jen odpo\u010dinout na slunci.<\/p>\n<div class=\"toggle-content__content toggle-content__content--expanded toggle-content__content--packable\" data-v-59485d64=\"\">\n<div data-test-id=\"activity-full-description-text\" data-v-5835c99c=\"\">Doprava do hotelu\/airbnb nebo vily a zp\u011bt je v cen\u011b.<\/div>\n<\/div>\n<div class=\"toggle-content__label-placeholder\" data-v-59485d64=\"\"><\/div>","protected":false},"excerpt":{"rendered":"<div data-track=\"overview\" data-v-83a2b402=\"\">\n<section id=\"activity-overview\" class=\"activity-overview\" data-component=\"overview\" data-v-83a2b402=\"\" data-v-f3236c42=\"\">\n<p class=\"activity-overview__content\" data-test-id=\"activity-overview-content\" data-v-f3236c42=\"\">N\u00e1\u0161 kr\u00e1sn\u00fd katamar\u00e1n si m\u016f\u017eete pronajmout na soukromou prohl\u00eddku, kter\u00e1 je ide\u00e1ln\u00ed pro rodiny, p\u0159\u00e1tele nebo obchodn\u00ed skupiny. Sou\u010d\u00e1st\u00ed prohl\u00eddky je ob\u010derstven\u00ed a otev\u0159en\u00fd bar. Prozkoumejte pob\u0159e\u017e\u00ed Punta Cany ve velk\u00e9m stylu.<\/p>\n<\/section>\n<\/div>\n<div data-track=\"key-details\" data-v-83a2b402=\"\"><\/div>","protected":false},"featured_media":18331,"template":"","meta":[],"product_cat":[100],"product_tag":[102,101],"class_list":{"0":"post-18329","1":"product","2":"type-product","3":"status-publish","4":"has-post-thumbnail","6":"product_cat-dominican-republic","7":"product_tag-excursion","8":"product_tag-tour","10":"first","11":"instock","12":"shipping-taxable","13":"product-type-external"},"_links":{"self":[{"href":"https:\/\/whalemiches.com\/cs\/wp-json\/wp\/v2\/product\/18329","targetHints":{"allow":["GET"]}}],"collection":[{"href":"https:\/\/whalemiches.com\/cs\/wp-json\/wp\/v2\/product"}],"about":[{"href":"https:\/\/whalemiches.com\/cs\/wp-json\/wp\/v2\/types\/product"}],"wp:featuredmedia":[{"embeddable":true,"href":"https:\/\/whalemiches.com\/cs\/wp-json\/wp\/v2\/media\/18331"}],"wp:attachment":[{"href":"https:\/\/whalemiches.com\/cs\/wp-json\/wp\/v2\/media?parent=18329"}],"wp:term":[{"taxonomy":"product_cat","embeddable":true,"href":"https:\/\/whalemiches.com\/cs\/wp-json\/wp\/v2\/product_cat?post=18329"},{"taxonomy":"product_tag","embeddable":true,"href":"https:\/\/whalemiches.com\/cs\/wp-json\/wp\/v2\/product_tag?post=18329"}],"curies":[{"name":"wp","href":"https:\/\/api.w.org\/{rel}","templated":true}]}}