{"id":17270,"date":"2024-09-24T02:25:39","date_gmt":"2024-09-24T02:25:39","guid":{"rendered":"https:\/\/whalemiches.com\/?post_type=product&#038;p=17270"},"modified":"2024-09-24T02:26:30","modified_gmt":"2024-09-24T02:26:30","slug":"dgarcia-nexus-adventures","status":"publish","type":"product","link":"https:\/\/whalemiches.com\/cs\/TOUR\/dgarcia-nexus-adventures\/","title":{"rendered":"dgarcia nexus adventures"},"content":{"rendered":"<p>ven y disfruta de una excursi\u00f3n extrema en buggy la seguridad de nuestro cliente es lo primordial en una excursi\u00f3n llena de adrenalina andando por los lugares mas extremos de la zona disfrutando de una hermosa vista de la zona monta\u00f1osa en la cual te brindamos un rico caf\u00e9 de campo y un buen ba\u00f1o en la hermosa playa de bergant\u00edn haremos 2 parada de la cuales una ser\u00e1 en la montana por 10 minuto y la otra en la playa por alguno 30 o 40 minuto en la cual podr\u00e1s ordenar comida o simplemente darte un buen ba\u00f1o en la playa<\/p>","protected":false},"excerpt":{"rendered":"<div data-track=\"overview\" data-v-83a2b402=\"\">\n<section id=\"activity-overview\" class=\"activity-overview\" data-component=\"overview\" data-v-83a2b402=\"\" data-v-f3236c42=\"\">\n<p class=\"activity-overview__content\" data-test-id=\"activity-overview-content\" data-v-f3236c42=\"\">explorar los senderos extremos de bergant\u00edn y mu\u00f1os disfruta de un ba\u00f1o en la playa prueba nuestro rico caf\u00e9 de campo apuesto a que no sales limpio de esta aventura<\/p>\n<\/section>\n<\/div>\n<div data-track=\"key-details\" data-v-83a2b402=\"\"><\/div>","protected":false},"featured_media":17271,"template":"","meta":[],"product_cat":[100],"product_tag":[102,101],"class_list":{"0":"post-17270","1":"product","2":"type-product","3":"status-publish","4":"has-post-thumbnail","6":"product_cat-dominican-republic","7":"product_tag-excursion","8":"product_tag-tour","10":"first","11":"instock","12":"shipping-taxable","13":"product-type-external"},"_links":{"self":[{"href":"https:\/\/whalemiches.com\/cs\/wp-json\/wp\/v2\/product\/17270","targetHints":{"allow":["GET"]}}],"collection":[{"href":"https:\/\/whalemiches.com\/cs\/wp-json\/wp\/v2\/product"}],"about":[{"href":"https:\/\/whalemiches.com\/cs\/wp-json\/wp\/v2\/types\/product"}],"wp:featuredmedia":[{"embeddable":true,"href":"https:\/\/whalemiches.com\/cs\/wp-json\/wp\/v2\/media\/17271"}],"wp:attachment":[{"href":"https:\/\/whalemiches.com\/cs\/wp-json\/wp\/v2\/media?parent=17270"}],"wp:term":[{"taxonomy":"product_cat","embeddable":true,"href":"https:\/\/whalemiches.com\/cs\/wp-json\/wp\/v2\/product_cat?post=17270"},{"taxonomy":"product_tag","embeddable":true,"href":"https:\/\/whalemiches.com\/cs\/wp-json\/wp\/v2\/product_tag?post=17270"}],"curies":[{"name":"wp","href":"https:\/\/api.w.org\/{rel}","templated":true}]}}