{"id":10370,"date":"2020-09-09T11:08:19","date_gmt":"2020-09-09T11:08:19","guid":{"rendered":"https:\/\/whalemiches.com\/?post_type=product&#038;p=10370"},"modified":"2024-10-10T18:15:24","modified_gmt":"2024-10-10T18:15:24","slug":"punta-cana-santo-domingo-day-trip-with-tickets-and-lunch","status":"publish","type":"product","link":"https:\/\/whalemiches.com\/cs\/TOUR\/punta-cana-santo-domingo-celodenni-vylet-se-vstupenkami-a-obedem\/","title":{"rendered":"Punta Cana: Santo Domingo Celodenn\u00ed v\u00fdlet se vstupenkami a ob\u011bdem"},"content":{"rendered":"<h4 class=\"activity__title js-title\" data-track=\"activity-title\" data-test-id=\"activity-title\">Punta Cana: Santo Domingo Celodenn\u00ed v\u00fdlet se vstupenkami a ob\u011bdem<\/h4>\n<p>Santo Domingo is a magical city, full of history, culture, and amazing landscapes. Explore the oldest Capital of the \u201cNew\u201d World, Santo Domingo, the first city founded in America.<\/p>\n<p>This sightseeing tour shows you a city full of history and culture. A great activity for the whole family.<\/p>\n<p>&#8211; We will pick you up at your Hotel to start an incredible trip to Santo Domingo, during the trip you will see incredible details about the Culture of the Dominican Republic.<\/p>\n<p>&#8211; Upon arrival in Santo Domingo you will visit the incredible cenotes of Los Tres Ojos National Park, especially natural and magical.<\/p>\n<p>&#8211; You will visit the most important monuments of the City: The 1st Cathedral of America, the Alc\u00e1zar de Col\u00f3n and the National Pantheon, El Faro a Col\u00f3n.<\/p>\n<p>&#8211; We will take a walk through the Colonial Zone, a romantic street, the first in America, \u201cThe Ladies\u201d. Enjoying an ancient but picturesque panoramic view.<\/p>\n<p>It operates every day. Its approximate duration is 10 hours.<\/p>","protected":false},"excerpt":{"rendered":"<div data-track=\"overview\" data-v-56a1a938=\"\">\n<section id=\"activity-overview\" class=\"activity-overview\" data-component=\"overview\" data-v-56a1a938=\"\" data-v-f3236c42=\"\">\n<p class=\"activity-overview__content\" data-test-id=\"activity-overview-content\" data-v-f3236c42=\"\">Discover the history, culture, and landscapes of Santo Domingo on this day tour from Punta Cana. Visit the Three Eyes National Park cenotes, America&#8217;s first cathedral, and the National Pantheon.<\/p>\n<\/section>\n<\/div>\n<div data-track=\"key-details\" data-v-56a1a938=\"\"><\/div>","protected":false},"featured_media":10371,"template":"","meta":[],"product_cat":[100],"product_tag":[102,101],"class_list":{"0":"post-10370","1":"product","2":"type-product","3":"status-publish","4":"has-post-thumbnail","6":"product_cat-dominican-republic","7":"product_tag-excursion","8":"product_tag-tour","10":"first","11":"instock","12":"sale","13":"shipping-taxable","14":"product-type-external"},"_links":{"self":[{"href":"https:\/\/whalemiches.com\/cs\/wp-json\/wp\/v2\/product\/10370","targetHints":{"allow":["GET"]}}],"collection":[{"href":"https:\/\/whalemiches.com\/cs\/wp-json\/wp\/v2\/product"}],"about":[{"href":"https:\/\/whalemiches.com\/cs\/wp-json\/wp\/v2\/types\/product"}],"wp:featuredmedia":[{"embeddable":true,"href":"https:\/\/whalemiches.com\/cs\/wp-json\/wp\/v2\/media\/10371"}],"wp:attachment":[{"href":"https:\/\/whalemiches.com\/cs\/wp-json\/wp\/v2\/media?parent=10370"}],"wp:term":[{"taxonomy":"product_cat","embeddable":true,"href":"https:\/\/whalemiches.com\/cs\/wp-json\/wp\/v2\/product_cat?post=10370"},{"taxonomy":"product_tag","embeddable":true,"href":"https:\/\/whalemiches.com\/cs\/wp-json\/wp\/v2\/product_tag?post=10370"}],"curies":[{"name":"wp","href":"https:\/\/api.w.org\/{rel}","templated":true}]}}